{"id":801,"date":"2016-09-26T21:33:08","date_gmt":"2016-09-26T20:33:08","guid":{"rendered":"http:\/\/www.frogdiscsection.fr\/?page_id=801"},"modified":"2025-10-23T12:37:38","modified_gmt":"2025-10-23T10:37:38","slug":"hatty-new-year","status":"publish","type":"page","link":"https:\/\/frogdiscsection.fr\/index.php\/hatty-new-year\/","title":{"rendered":"Hatty New Year"},"content":{"rendered":"<p>Le Hatty New Year est un hat indoor propos\u00e9 par l&rsquo;\u00e9quipe des Frog Disc Section (Evry) depuis 2015 autour du nouvel an. Apr\u00e8s 10 ans \u00e0 Morangis (91) o\u00f9 nous \u00e9tions accueillis dans le superbe COSEC de Morangis, le tournoi d\u00e9m\u00e9nage \u00e0 Evry-Courcouronnes (91), au non moins somptueux <a href=\"https:\/\/maps.app.goo.gl\/soNnSk2ho5z53QXx9\">Complexe du Lac<\/a>.<\/p>\n<p>Le nombre de joueurs est volontairement restreint \u00e0 9 joueurs par \u00e9quipe max pour offrir du temps de jeu \u00e0 tout le monde (7 ou 8 matches par \u00e9quipes dans le week-end).<\/p>\n<h2>HNY 2026<\/h2>\n<p><strong>C&rsquo;est quand ?<\/strong> Les 20 et 21 d\u00e9cembre 2025<\/p>\n<p><strong>C&rsquo;est o\u00f9 ?<\/strong> A \u00c9vry-Courcouronnes (91), dans le\u00a0<a href=\"https:\/\/maps.app.goo.gl\/soNnSk2ho5z53QXx9\">Complexe du Lac<\/a><\/p>\n<p><strong>Ya quoi au programme ?<\/strong><br \/>\n&#8211; petit dej offert !<br \/>\n&#8211; beaucoup de jeu sur 2 jours<br \/>\n&#8211; soir\u00e9e chill dans gymnase<\/p>\n<div><strong>\u00c7a co\u00fbte combien ?\u00a0<\/strong><\/div>\n<div>Il y a 2 formules:<\/div>\n<ul>\n<li>Tournoi seulement: 30 \u20ac. Inclus le petit dej, plein de matches d&rsquo;ultimate, et un cadeau surprise<\/li>\n<li>Tournoi + soir\u00e9e: 45\u20ac. Inclus \u00e9galement le repas du soir.<\/li>\n<\/ul>\n<div><strong>On s&rsquo;inscrit o\u00f9 ?<\/strong> C&rsquo;est ici: <a href=\"https:\/\/forms.gle\/9wtcieW9zz8grC5x5\">https:\/\/forms.gle\/9wtcieW9zz8grC5x5<\/a><\/div>\n<div><\/div>\n<div><strong>J&rsquo;ai une question<\/strong>, une demande, ou je veux vous envoyer un message gentil, je fais comment ?\u00a0 Tu envoies un mail \u00e0\u00a0<a href=\"mailto:hattynewyear@gmail.com\">hattynewyear@gmail.com<\/a>.<\/p>\n<div><\/div>\n<\/div>\n","protected":false},"excerpt":{"rendered":"<p>Le Hatty New Year est un hat indoor propos\u00e9 par l&rsquo;\u00e9quipe des Frog Disc Section (Evry) depuis 2015 autour du nouvel an. Apr\u00e8s 10 ans \u00e0 Morangis (91) o\u00f9 nous \u00e9tions accueillis dans le superbe COSEC de Morangis, le tournoi d\u00e9m\u00e9nage \u00e0 Evry-Courcouronnes (91), au non moins somptueux Complexe du Lac. Le nombre de joueurs &hellip; <a href=\"https:\/\/frogdiscsection.fr\/index.php\/hatty-new-year\/\" class=\"more-link\">Continuer la lecture<span class=\"screen-reader-text\"> de &laquo;&nbsp;Hatty New Year&nbsp;&raquo;<\/span><\/a><\/p>\n","protected":false},"author":1,"featured_media":0,"parent":0,"menu_order":1,"comment_status":"closed","ping_status":"closed","template":"","meta":{"footnotes":""},"class_list":["post-801","page","type-page","status-publish","hentry"],"_links":{"self":[{"href":"https:\/\/frogdiscsection.fr\/index.php\/wp-json\/wp\/v2\/pages\/801","targetHints":{"allow":["GET"]}}],"collection":[{"href":"https:\/\/frogdiscsection.fr\/index.php\/wp-json\/wp\/v2\/pages"}],"about":[{"href":"https:\/\/frogdiscsection.fr\/index.php\/wp-json\/wp\/v2\/types\/page"}],"author":[{"embeddable":true,"href":"https:\/\/frogdiscsection.fr\/index.php\/wp-json\/wp\/v2\/users\/1"}],"replies":[{"embeddable":true,"href":"https:\/\/frogdiscsection.fr\/index.php\/wp-json\/wp\/v2\/comments?post=801"}],"version-history":[{"count":7,"href":"https:\/\/frogdiscsection.fr\/index.php\/wp-json\/wp\/v2\/pages\/801\/revisions"}],"predecessor-version":[{"id":1848,"href":"https:\/\/frogdiscsection.fr\/index.php\/wp-json\/wp\/v2\/pages\/801\/revisions\/1848"}],"wp:attachment":[{"href":"https:\/\/frogdiscsection.fr\/index.php\/wp-json\/wp\/v2\/media?parent=801"}],"curies":[{"name":"wp","href":"https:\/\/api.w.org\/{rel}","templated":true}]}}