{"id":8,"date":"2012-08-13T11:14:17","date_gmt":"2012-08-13T10:14:17","guid":{"rendered":"http:\/\/127.0.0.1\/frogs\/?page_id=8"},"modified":"2012-08-13T11:14:17","modified_gmt":"2012-08-13T10:14:17","slug":"le-club","status":"publish","type":"page","link":"https:\/\/frogdiscsection.fr\/index.php\/le-club\/","title":{"rendered":"Le Club"},"content":{"rendered":"<p>Apr\u00e8s avoir pratiqu\u00e9 l&rsquo;Ultimate lors de nombreuses sorties <a href=\"http:\/\/paris.onvasortir.com\/\">OVS<\/a>, une bande de grenouilles a d\u00e9cid\u00e9 de cr\u00e9er le premier club d&rsquo;ultimate de l&rsquo;Essonne en 2010.<\/p>\n<p>L&rsquo;association loi 1901 Frog Disc Section est d\u00e9clar\u00e9e \u00e0 la pr\u00e9fecture le 8 janvier 2011 et est affili\u00e9e \u00e0 la <a href=\"http:\/\/www.ffdf.fr\/\">F\u00e9d\u00e9ration Flying Disc France<\/a>. Au programme : participer aux comp\u00e9titions et faire conna\u00eetre le sport en Essonne.<\/p>\n<p>Les entra\u00eenements commencent au Port aux cerises \u00e0 Draveil, puis migrent \u00e0 Evry lorsque le club rejoint le <a href=\"http:\/\/sca2000.net\/\">SCA2000<\/a>.<\/p>\n","protected":false},"excerpt":{"rendered":"<p>Apr\u00e8s avoir pratiqu\u00e9 l&rsquo;Ultimate lors de nombreuses sorties OVS, une bande de grenouilles a d\u00e9cid\u00e9 de cr\u00e9er le premier club d&rsquo;ultimate de l&rsquo;Essonne en 2010. L&rsquo;association loi 1901 Frog Disc Section est d\u00e9clar\u00e9e \u00e0 la pr\u00e9fecture le 8 janvier 2011 et est affili\u00e9e \u00e0 la F\u00e9d\u00e9ration Flying Disc France. Au programme : participer aux comp\u00e9titions &hellip; <a href=\"https:\/\/frogdiscsection.fr\/index.php\/le-club\/\" class=\"more-link\">Continuer la lecture<span class=\"screen-reader-text\"> de &laquo;&nbsp;Le Club&nbsp;&raquo;<\/span><\/a><\/p>\n","protected":false},"author":1,"featured_media":0,"parent":0,"menu_order":2,"comment_status":"closed","ping_status":"closed","template":"","meta":{"footnotes":""},"class_list":["post-8","page","type-page","status-publish","hentry"],"_links":{"self":[{"href":"https:\/\/frogdiscsection.fr\/index.php\/wp-json\/wp\/v2\/pages\/8","targetHints":{"allow":["GET"]}}],"collection":[{"href":"https:\/\/frogdiscsection.fr\/index.php\/wp-json\/wp\/v2\/pages"}],"about":[{"href":"https:\/\/frogdiscsection.fr\/index.php\/wp-json\/wp\/v2\/types\/page"}],"author":[{"embeddable":true,"href":"https:\/\/frogdiscsection.fr\/index.php\/wp-json\/wp\/v2\/users\/1"}],"replies":[{"embeddable":true,"href":"https:\/\/frogdiscsection.fr\/index.php\/wp-json\/wp\/v2\/comments?post=8"}],"version-history":[{"count":0,"href":"https:\/\/frogdiscsection.fr\/index.php\/wp-json\/wp\/v2\/pages\/8\/revisions"}],"wp:attachment":[{"href":"https:\/\/frogdiscsection.fr\/index.php\/wp-json\/wp\/v2\/media?parent=8"}],"curies":[{"name":"wp","href":"https:\/\/api.w.org\/{rel}","templated":true}]}}