{"id":23,"date":"2012-08-13T11:38:50","date_gmt":"2012-08-13T10:38:50","guid":{"rendered":"http:\/\/127.0.0.1\/frogs\/?page_id=23"},"modified":"2024-09-12T19:07:36","modified_gmt":"2024-09-12T17:07:36","slug":"contact","status":"publish","type":"page","link":"https:\/\/frogdiscsection.fr\/index.php\/contact\/","title":{"rendered":"Contact"},"content":{"rendered":"<h1>Le bureau<\/h1>\n<p><strong>Contact:<\/strong> <a href=\"mailto:frogdiscsection@gmail.com\">frogdiscsection@gmail.com<\/a><\/p>\n<p>Pr\u00e9sident: Edouard <a href=\"edouardbbr@gmail.com\" target=\"_blank\" rel=\"noopener\"><span class=\"il\">edouardbbr@gmail.com<\/span><\/a><\/p>\n<p>Tr\u00e9sorier: Laurent <a href=\"mailto:laurent.barre@neuf.fr\">laurent.barre@neuf.fr<\/a><\/p>\n<p>Secr\u00e9taire: Tom <a href=\"mailto:tom91100@hotmail.com\" target=\"_blank\" rel=\"noopener\"><span class=\"il\">tom91100@hotmail.com<\/span><\/a><\/p>\n<p>R\u00e9f\u00e9rent entrainement \/ comp\u00e9tition: JuB <a href=\"mailto:julienbertrand29@gmail.com\">julienbertrand29@gmail.com<\/a><br \/>\nMax <a href=\"mailto:maxime.thoison@gmail.com\">maxime.thoison@gmail.com<\/a><\/p>\n<p>R\u00e9f\u00e9rent loisir: Laurent <a href=\"mailto:laurent.barre@neuf.fr\">laurent.barre@neuf.fr<\/a><\/p>\n<p>R\u00e9f\u00e9rent junior:<\/p>\n<p>R\u00e9f\u00e9rent disc-golf: Fran\u00e7ois <a href=\"mailto:ftrahay@gmail.com\">ftrahay@gmail.com<\/a><\/p>\n","protected":false},"excerpt":{"rendered":"<p>Le bureau Contact: frogdiscsection@gmail.com Pr\u00e9sident: Edouard edouardbbr@gmail.com Tr\u00e9sorier: Laurent laurent.barre@neuf.fr Secr\u00e9taire: Tom tom91100@hotmail.com R\u00e9f\u00e9rent entrainement \/ comp\u00e9tition: JuB julienbertrand29@gmail.com Max maxime.thoison@gmail.com R\u00e9f\u00e9rent loisir: Laurent laurent.barre@neuf.fr R\u00e9f\u00e9rent junior: R\u00e9f\u00e9rent disc-golf: Fran\u00e7ois ftrahay@gmail.com<\/p>\n","protected":false},"author":1,"featured_media":0,"parent":0,"menu_order":12,"comment_status":"closed","ping_status":"closed","template":"","meta":{"footnotes":""},"class_list":["post-23","page","type-page","status-publish","hentry"],"_links":{"self":[{"href":"https:\/\/frogdiscsection.fr\/index.php\/wp-json\/wp\/v2\/pages\/23","targetHints":{"allow":["GET"]}}],"collection":[{"href":"https:\/\/frogdiscsection.fr\/index.php\/wp-json\/wp\/v2\/pages"}],"about":[{"href":"https:\/\/frogdiscsection.fr\/index.php\/wp-json\/wp\/v2\/types\/page"}],"author":[{"embeddable":true,"href":"https:\/\/frogdiscsection.fr\/index.php\/wp-json\/wp\/v2\/users\/1"}],"replies":[{"embeddable":true,"href":"https:\/\/frogdiscsection.fr\/index.php\/wp-json\/wp\/v2\/comments?post=23"}],"version-history":[{"count":8,"href":"https:\/\/frogdiscsection.fr\/index.php\/wp-json\/wp\/v2\/pages\/23\/revisions"}],"predecessor-version":[{"id":1818,"href":"https:\/\/frogdiscsection.fr\/index.php\/wp-json\/wp\/v2\/pages\/23\/revisions\/1818"}],"wp:attachment":[{"href":"https:\/\/frogdiscsection.fr\/index.php\/wp-json\/wp\/v2\/media?parent=23"}],"curies":[{"name":"wp","href":"https:\/\/api.w.org\/{rel}","templated":true}]}}