{"id":1823,"date":"2025-04-14T12:03:21","date_gmt":"2025-04-14T10:03:21","guid":{"rendered":"https:\/\/frogdiscsection.fr\/?page_id=1823"},"modified":"2025-04-14T12:05:18","modified_gmt":"2025-04-14T10:05:18","slug":"initiation-a-lultimate","status":"publish","type":"page","link":"https:\/\/frogdiscsection.fr\/index.php\/accueil\/initiation-a-lultimate\/","title":{"rendered":"Initiation \u00e0 l&rsquo;ultimate"},"content":{"rendered":"\n<p>Le 3 mai 2025 de 14h \u00e0 18h, participez \u00e0 une initiation \u00e0 l&rsquo;ultimate.<\/p>\n\n\n\n<figure class=\"wp-block-image size-large\"><img loading=\"lazy\" decoding=\"async\" width=\"724\" height=\"1024\" src=\"https:\/\/frogdiscsection.fr\/wp-content\/uploads\/2025\/04\/initiation_ultimate_3_mai_2025-724x1024.jpeg\" alt=\"\" class=\"wp-image-1824\" srcset=\"https:\/\/frogdiscsection.fr\/wp-content\/uploads\/2025\/04\/initiation_ultimate_3_mai_2025-724x1024.jpeg 724w, https:\/\/frogdiscsection.fr\/wp-content\/uploads\/2025\/04\/initiation_ultimate_3_mai_2025-212x300.jpeg 212w, https:\/\/frogdiscsection.fr\/wp-content\/uploads\/2025\/04\/initiation_ultimate_3_mai_2025-768x1086.jpeg 768w, https:\/\/frogdiscsection.fr\/wp-content\/uploads\/2025\/04\/initiation_ultimate_3_mai_2025-1086x1536.jpeg 1086w, https:\/\/frogdiscsection.fr\/wp-content\/uploads\/2025\/04\/initiation_ultimate_3_mai_2025.jpeg 1131w\" sizes=\"auto, (max-width: 724px) 85vw, 724px\" \/><\/figure>\n\n\n\n<h3 class=\"wp-block-heading\"><strong>Inscription<\/strong><\/h3>\n\n\n\n<p>A partir de 12 ans, \u00e9quipes de 4 \u00e0 6 joueurs.<\/p>\n\n\n\n<p><a href=\"https:\/\/forms.gle\/AP2nLNYpAX93ccNt9\">https:\/\/forms.gle\/AP2nLNYpAX93ccNt9<\/a><\/p>\n\n\n\n<h3 class=\"wp-block-heading\">Programme de la journ\u00e9e<\/h3>\n\n\n\n<p>14h-14h30 accueil et \u00e9chauffement<br>14h30-15h atelier pour apprendre l\u2019Ultimate<br>15h-17h30 tournoi<br>17h30-18h finale, remise des prix<\/p>\n\n\n\n<h3 class=\"wp-block-heading\">Adresse<\/h3>\n\n\n\n<p>11 Rue du Lunain, 91090 Lisses<\/p>\n\n\n\n<p><a href=\"https:\/\/maps.app.goo.gl\/JwrCd32BybDAFcDA9\">https:\/\/maps.app.goo.gl\/JwrCd32BybDAFcDA9<\/a><\/p>\n\n\n\n<p><\/p>\n","protected":false},"excerpt":{"rendered":"<p>Le 3 mai 2025 de 14h \u00e0 18h, participez \u00e0 une initiation \u00e0 l&rsquo;ultimate. Inscription A partir de 12 ans, \u00e9quipes de 4 \u00e0 6 joueurs. https:\/\/forms.gle\/AP2nLNYpAX93ccNt9 Programme de la journ\u00e9e 14h-14h30 accueil et \u00e9chauffement14h30-15h atelier pour apprendre l\u2019Ultimate15h-17h30 tournoi17h30-18h finale, remise des prix Adresse 11 Rue du Lunain, 91090 Lisses https:\/\/maps.app.goo.gl\/JwrCd32BybDAFcDA9<\/p>\n","protected":false},"author":2,"featured_media":0,"parent":209,"menu_order":1,"comment_status":"closed","ping_status":"closed","template":"","meta":{"footnotes":""},"class_list":["post-1823","page","type-page","status-publish","hentry"],"_links":{"self":[{"href":"https:\/\/frogdiscsection.fr\/index.php\/wp-json\/wp\/v2\/pages\/1823","targetHints":{"allow":["GET"]}}],"collection":[{"href":"https:\/\/frogdiscsection.fr\/index.php\/wp-json\/wp\/v2\/pages"}],"about":[{"href":"https:\/\/frogdiscsection.fr\/index.php\/wp-json\/wp\/v2\/types\/page"}],"author":[{"embeddable":true,"href":"https:\/\/frogdiscsection.fr\/index.php\/wp-json\/wp\/v2\/users\/2"}],"replies":[{"embeddable":true,"href":"https:\/\/frogdiscsection.fr\/index.php\/wp-json\/wp\/v2\/comments?post=1823"}],"version-history":[{"count":1,"href":"https:\/\/frogdiscsection.fr\/index.php\/wp-json\/wp\/v2\/pages\/1823\/revisions"}],"predecessor-version":[{"id":1825,"href":"https:\/\/frogdiscsection.fr\/index.php\/wp-json\/wp\/v2\/pages\/1823\/revisions\/1825"}],"up":[{"embeddable":true,"href":"https:\/\/frogdiscsection.fr\/index.php\/wp-json\/wp\/v2\/pages\/209"}],"wp:attachment":[{"href":"https:\/\/frogdiscsection.fr\/index.php\/wp-json\/wp\/v2\/media?parent=1823"}],"curies":[{"name":"wp","href":"https:\/\/api.w.org\/{rel}","templated":true}]}}