{"id":1486,"date":"2020-03-22T00:39:16","date_gmt":"2020-03-21T23:39:16","guid":{"rendered":"http:\/\/frogdiscsection.fr\/?page_id=1486"},"modified":"2020-03-22T00:39:27","modified_gmt":"2020-03-21T23:39:27","slug":"les-anciens-joueurs","status":"publish","type":"page","link":"https:\/\/frogdiscsection.fr\/index.php\/le-club\/les-anciens-joueurs\/","title":{"rendered":"Les anciens joueurs"},"content":{"rendered":"\n<figure class=\"wp-block-table is-style-stripes\"><table class=\"has-fixed-layout\"><thead><tr><th class=\"has-text-align-center\" data-align=\"center\">Nom<\/th><th class=\"has-text-align-center\" data-align=\"center\">Pr\u00e9nom<\/th><th class=\"has-text-align-center\" data-align=\"center\">Premi\u00e8re saison Frog<\/th><th class=\"has-text-align-center\" data-align=\"center\">Derni\u00e8re saison Frog<\/th><\/tr><\/thead><tbody><tr><td class=\"has-text-align-center\" data-align=\"center\">Andeme<\/td><td class=\"has-text-align-center\" data-align=\"center\">Nathalie<\/td><td class=\"has-text-align-center\" data-align=\"center\">2018\/2019<\/td><td class=\"has-text-align-center\" data-align=\"center\">2018\/2019<\/td><\/tr><tr><td class=\"has-text-align-center\" data-align=\"center\">Bellicam<\/td><td class=\"has-text-align-center\" data-align=\"center\">Arnaud<\/td><td class=\"has-text-align-center\" data-align=\"center\">2018\/2019<\/td><td class=\"has-text-align-center\" data-align=\"center\">2018\/2019<\/td><\/tr><tr><td class=\"has-text-align-center\" data-align=\"center\">Colin<\/td><td class=\"has-text-align-center\" data-align=\"center\">Alexandre<\/td><td class=\"has-text-align-center\" data-align=\"center\">2018\/2019<\/td><td class=\"has-text-align-center\" data-align=\"center\">2018\/2019<\/td><\/tr><tr><td class=\"has-text-align-center\" data-align=\"center\">Gollot<\/td><td class=\"has-text-align-center\" data-align=\"center\">Engueran<\/td><td class=\"has-text-align-center\" data-align=\"center\">2018\/2019<\/td><td class=\"has-text-align-center\" data-align=\"center\">2018\/2019<\/td><\/tr><tr><td class=\"has-text-align-center\" data-align=\"center\">Rivi\u00e8re<\/td><td class=\"has-text-align-center\" data-align=\"center\">Priscilla<\/td><td class=\"has-text-align-center\" data-align=\"center\">2017\/2018<\/td><td class=\"has-text-align-center\" data-align=\"center\">2018\/2019<\/td><\/tr><tr><td class=\"has-text-align-center\" data-align=\"center\">Thomas<\/td><td class=\"has-text-align-center\" data-align=\"center\">Solange<\/td><td class=\"has-text-align-center\" data-align=\"center\">2015\/2016<\/td><td class=\"has-text-align-center\" data-align=\"center\">2018\/2019<\/td><\/tr><tr><td class=\"has-text-align-center\" data-align=\"center\">Vergnac<\/td><td class=\"has-text-align-center\" data-align=\"center\">Pierre<\/td><td class=\"has-text-align-center\" data-align=\"center\">2015\/2016<\/td><td class=\"has-text-align-center\" data-align=\"center\">2018\/2019<\/td><\/tr><tr><td class=\"has-text-align-center\" data-align=\"center\">Arnould<\/td><td class=\"has-text-align-center\" data-align=\"center\">Julien<\/td><td class=\"has-text-align-center\" data-align=\"center\">2014\/2015<\/td><td class=\"has-text-align-center\" data-align=\"center\">2018\/2019<\/td><\/tr><tr><td class=\"has-text-align-center\" data-align=\"center\">Germant<\/td><td class=\"has-text-align-center\" data-align=\"center\">Michael<\/td><td class=\"has-text-align-center\" data-align=\"center\">2013\/2014<\/td><td class=\"has-text-align-center\" data-align=\"center\">2018\/2019<\/td><\/tr><tr><td class=\"has-text-align-center\" data-align=\"center\">Durand<\/td><td class=\"has-text-align-center\" data-align=\"center\">Denis<\/td><td class=\"has-text-align-center\" data-align=\"center\">2011\/2012<\/td><td class=\"has-text-align-center\" data-align=\"center\">2018\/2019<\/td><\/tr><tr><td class=\"has-text-align-center\" data-align=\"center\">Berthaud<\/td><td class=\"has-text-align-center\" data-align=\"center\">Dorian<\/td><td class=\"has-text-align-center\" data-align=\"center\">2017\/2018<\/td><td class=\"has-text-align-center\" data-align=\"center\">2017\/2018<\/td><\/tr><tr><td class=\"has-text-align-center\" data-align=\"center\">Cagin<\/td><td class=\"has-text-align-center\" data-align=\"center\">St\u00e9phanie<\/td><td class=\"has-text-align-center\" data-align=\"center\">2017\/2018<\/td><td class=\"has-text-align-center\" data-align=\"center\">2017\/2018<\/td><\/tr><tr><td class=\"has-text-align-center\" data-align=\"center\">Chazelle<\/td><td class=\"has-text-align-center\" data-align=\"center\">Lucile<\/td><td class=\"has-text-align-center\" data-align=\"center\">2017\/2018<\/td><td class=\"has-text-align-center\" data-align=\"center\">2017\/2018<\/td><\/tr><tr><td class=\"has-text-align-center\" data-align=\"center\">Laurens<\/td><td class=\"has-text-align-center\" data-align=\"center\">Jessica<\/td><td class=\"has-text-align-center\" data-align=\"center\">2017\/2018<\/td><td class=\"has-text-align-center\" data-align=\"center\">2017\/2018<\/td><\/tr><tr><td class=\"has-text-align-center\" data-align=\"center\">Mariannaretty<\/td><td class=\"has-text-align-center\" data-align=\"center\">Joseph<\/td><td class=\"has-text-align-center\" data-align=\"center\">2017\/2018<\/td><td class=\"has-text-align-center\" data-align=\"center\">2017\/2018<\/td><\/tr><tr><td class=\"has-text-align-center\" data-align=\"center\">Sol<\/td><td class=\"has-text-align-center\" data-align=\"center\">J\u00e9r\u00f4me<\/td><td class=\"has-text-align-center\" data-align=\"center\">2017\/2018<\/td><td class=\"has-text-align-center\" data-align=\"center\">2017\/2018<\/td><\/tr><tr><td class=\"has-text-align-center\" data-align=\"center\">Szymanowicz<\/td><td class=\"has-text-align-center\" data-align=\"center\">Pierre<\/td><td class=\"has-text-align-center\" data-align=\"center\">2017\/2018<\/td><td class=\"has-text-align-center\" data-align=\"center\">2017\/2018<\/td><\/tr><tr><td class=\"has-text-align-center\" data-align=\"center\">Magnan<\/td><td class=\"has-text-align-center\" data-align=\"center\">S\u00e9gol\u00e8ne<\/td><td class=\"has-text-align-center\" data-align=\"center\">2016\/2017<\/td><td class=\"has-text-align-center\" data-align=\"center\">2017\/2018<\/td><\/tr><tr><td class=\"has-text-align-center\" data-align=\"center\">Martinot-Lagarde<\/td><td class=\"has-text-align-center\" data-align=\"center\">Samuel<\/td><td class=\"has-text-align-center\" data-align=\"center\">2016\/2017<\/td><td class=\"has-text-align-center\" data-align=\"center\">2017\/2018<\/td><\/tr><tr><td class=\"has-text-align-center\" data-align=\"center\">Nara<\/td><td class=\"has-text-align-center\" data-align=\"center\">Eric<\/td><td class=\"has-text-align-center\" data-align=\"center\">2016\/2017<\/td><td class=\"has-text-align-center\" data-align=\"center\">2017\/2018<\/td><\/tr><tr><td class=\"has-text-align-center\" data-align=\"center\">Rossi<\/td><td class=\"has-text-align-center\" data-align=\"center\">Camille<\/td><td class=\"has-text-align-center\" data-align=\"center\">2016\/2017<\/td><td class=\"has-text-align-center\" data-align=\"center\">2017\/2018<\/td><\/tr><tr><td class=\"has-text-align-center\" data-align=\"center\">Suel<\/td><td class=\"has-text-align-center\" data-align=\"center\">Sophie<\/td><td class=\"has-text-align-center\" data-align=\"center\">2016\/2017<\/td><td class=\"has-text-align-center\" data-align=\"center\">2017\/2018<\/td><\/tr><tr><td class=\"has-text-align-center\" data-align=\"center\">Mazoyer<\/td><td class=\"has-text-align-center\" data-align=\"center\">C\u00e9dric<\/td><td class=\"has-text-align-center\" data-align=\"center\">2015\/2016<\/td><td class=\"has-text-align-center\" data-align=\"center\">2017\/2018<\/td><\/tr><tr><td class=\"has-text-align-center\" data-align=\"center\">Picot<\/td><td class=\"has-text-align-center\" data-align=\"center\">Florian<\/td><td class=\"has-text-align-center\" data-align=\"center\">2015\/2016<\/td><td class=\"has-text-align-center\" data-align=\"center\">2017\/2018<\/td><\/tr><tr><td class=\"has-text-align-center\" data-align=\"center\">Michelan<\/td><td class=\"has-text-align-center\" data-align=\"center\">Julien<\/td><td class=\"has-text-align-center\" data-align=\"center\">2014\/2015<\/td><td class=\"has-text-align-center\" data-align=\"center\">2017\/2018<\/td><\/tr><tr><td class=\"has-text-align-center\" data-align=\"center\">Decroli\u00e8re<\/td><td class=\"has-text-align-center\" data-align=\"center\">Michael<\/td><td class=\"has-text-align-center\" data-align=\"center\">2012\/2013<\/td><td class=\"has-text-align-center\" data-align=\"center\">2017\/2018<\/td><\/tr><tr><td class=\"has-text-align-center\" data-align=\"center\">Barat<\/td><td class=\"has-text-align-center\" data-align=\"center\">Benoit<\/td><td class=\"has-text-align-center\" data-align=\"center\">2011\/2012<\/td><td class=\"has-text-align-center\" data-align=\"center\">2017\/2018<\/td><\/tr><tr><td class=\"has-text-align-center\" data-align=\"center\">Bedu<\/td><td class=\"has-text-align-center\" data-align=\"center\"><a href=\"https:\/\/frogdiscsection.fr\/index.php\/le-club\/trombi\/mrick-2\/\">Emeric<\/a><\/td><td class=\"has-text-align-center\" data-align=\"center\">2011\/2012<\/td><td class=\"has-text-align-center\" data-align=\"center\">2017\/2018<\/td><\/tr><tr><td class=\"has-text-align-center\" data-align=\"center\">David<\/td><td class=\"has-text-align-center\" data-align=\"center\">Valerie<\/td><td class=\"has-text-align-center\" data-align=\"center\">2011\/2012<\/td><td class=\"has-text-align-center\" data-align=\"center\">2017\/2018<\/td><\/tr><tr><td class=\"has-text-align-center\" data-align=\"center\">Ratel<\/td><td class=\"has-text-align-center\" data-align=\"center\">Gregory<\/td><td class=\"has-text-align-center\" data-align=\"center\">2011\/2012<\/td><td class=\"has-text-align-center\" data-align=\"center\">2017\/2018<\/td><\/tr><tr><td class=\"has-text-align-center\" data-align=\"center\">Casset<\/td><td class=\"has-text-align-center\" data-align=\"center\">Martin<\/td><td class=\"has-text-align-center\" data-align=\"center\">2016\/2017<\/td><td class=\"has-text-align-center\" data-align=\"center\">2016\/2017<\/td><\/tr><tr><td class=\"has-text-align-center\" data-align=\"center\">Casset<\/td><td class=\"has-text-align-center\" data-align=\"center\">Bruno<\/td><td class=\"has-text-align-center\" data-align=\"center\">2016\/2017<\/td><td class=\"has-text-align-center\" data-align=\"center\">2016\/2017<\/td><\/tr><tr><td class=\"has-text-align-center\" data-align=\"center\">Defilippis<\/td><td class=\"has-text-align-center\" data-align=\"center\">Baptiste<\/td><td class=\"has-text-align-center\" data-align=\"center\">2016\/2017<\/td><td class=\"has-text-align-center\" data-align=\"center\">2016\/2017<\/td><\/tr><tr><td class=\"has-text-align-center\" data-align=\"center\">Druault-Aubin<\/td><td class=\"has-text-align-center\" data-align=\"center\">Quentin<\/td><td class=\"has-text-align-center\" data-align=\"center\">2016\/2017<\/td><td class=\"has-text-align-center\" data-align=\"center\">2016\/2017<\/td><\/tr><tr><td class=\"has-text-align-center\" data-align=\"center\">Mariannaretty<\/td><td class=\"has-text-align-center\" data-align=\"center\">Am\u00e9line<\/td><td class=\"has-text-align-center\" data-align=\"center\">2016\/2017<\/td><td class=\"has-text-align-center\" data-align=\"center\">2016\/2017<\/td><\/tr><tr><td class=\"has-text-align-center\" data-align=\"center\">Le hegarat<\/td><td class=\"has-text-align-center\" data-align=\"center\">Baptiste<\/td><td class=\"has-text-align-center\" data-align=\"center\">2015\/2016<\/td><td class=\"has-text-align-center\" data-align=\"center\">2016\/2017<\/td><\/tr><tr><td class=\"has-text-align-center\" data-align=\"center\">Aubert<\/td><td class=\"has-text-align-center\" data-align=\"center\">Julien<\/td><td class=\"has-text-align-center\" data-align=\"center\">2013\/2014<\/td><td class=\"has-text-align-center\" data-align=\"center\">2016\/2017<\/td><\/tr><tr><td class=\"has-text-align-center\" data-align=\"center\">Desvignes<\/td><td class=\"has-text-align-center\" data-align=\"center\">Gildas<\/td><td class=\"has-text-align-center\" data-align=\"center\">2011\/2012<\/td><td class=\"has-text-align-center\" data-align=\"center\">2016\/2017<\/td><\/tr><tr><td class=\"has-text-align-center\" data-align=\"center\">Amorim<\/td><td class=\"has-text-align-center\" data-align=\"center\">Alberto<\/td><td class=\"has-text-align-center\" data-align=\"center\">2015\/2016<\/td><td class=\"has-text-align-center\" data-align=\"center\">2015\/2016<\/td><\/tr><tr><td class=\"has-text-align-center\" data-align=\"center\">Bucaille<\/td><td class=\"has-text-align-center\" data-align=\"center\">Alexandra<\/td><td class=\"has-text-align-center\" data-align=\"center\">2015\/2016<\/td><td class=\"has-text-align-center\" data-align=\"center\">2015\/2016<\/td><\/tr><tr><td class=\"has-text-align-center\" data-align=\"center\">Fleury<\/td><td class=\"has-text-align-center\" data-align=\"center\">Romain<\/td><td class=\"has-text-align-center\" data-align=\"center\">2015\/2016<\/td><td class=\"has-text-align-center\" data-align=\"center\">2015\/2016<\/td><\/tr><tr><td class=\"has-text-align-center\" data-align=\"center\">Thevenin<\/td><td class=\"has-text-align-center\" data-align=\"center\">Camille<\/td><td class=\"has-text-align-center\" data-align=\"center\">2015\/2016<\/td><td class=\"has-text-align-center\" data-align=\"center\">2015\/2016<\/td><\/tr><tr><td class=\"has-text-align-center\" data-align=\"center\">Deakyne<\/td><td class=\"has-text-align-center\" data-align=\"center\">Chad<\/td><td class=\"has-text-align-center\" data-align=\"center\">2014\/2015<\/td><td class=\"has-text-align-center\" data-align=\"center\">2015\/2016<\/td><\/tr><tr><td class=\"has-text-align-center\" data-align=\"center\">Bachelier<\/td><td class=\"has-text-align-center\" data-align=\"center\">Nicolas<\/td><td class=\"has-text-align-center\" data-align=\"center\">2013\/2014<\/td><td class=\"has-text-align-center\" data-align=\"center\">2015\/2016<\/td><\/tr><tr><td class=\"has-text-align-center\" data-align=\"center\">Fleureau<\/td><td class=\"has-text-align-center\" data-align=\"center\">Antoine<\/td><td class=\"has-text-align-center\" data-align=\"center\">2014\/2015<\/td><td class=\"has-text-align-center\" data-align=\"center\">2014\/2015<\/td><\/tr><tr><td class=\"has-text-align-center\" data-align=\"center\">Gauthier<\/td><td class=\"has-text-align-center\" data-align=\"center\">Mathieu<\/td><td class=\"has-text-align-center\" data-align=\"center\">2014\/2015<\/td><td class=\"has-text-align-center\" data-align=\"center\">2014\/2015<\/td><\/tr><tr><td class=\"has-text-align-center\" data-align=\"center\">Siv<\/td><td class=\"has-text-align-center\" data-align=\"center\">Julie<\/td><td class=\"has-text-align-center\" data-align=\"center\">2014\/2015<\/td><td class=\"has-text-align-center\" data-align=\"center\">2014\/2015<\/td><\/tr><tr><td class=\"has-text-align-center\" data-align=\"center\">Iunk-Trahay<\/td><td class=\"has-text-align-center\" data-align=\"center\">Juliette<\/td><td class=\"has-text-align-center\" data-align=\"center\">2012\/2013<\/td><td class=\"has-text-align-center\" data-align=\"center\">2014\/2015<\/td><\/tr><tr><td class=\"has-text-align-center\" data-align=\"center\">Gollot<\/td><td class=\"has-text-align-center\" data-align=\"center\">Engueran<\/td><td class=\"has-text-align-center\" data-align=\"center\">2011\/2012<\/td><td class=\"has-text-align-center\" data-align=\"center\">2014\/2015<\/td><\/tr><tr><td class=\"has-text-align-center\" data-align=\"center\">Ancelin<\/td><td class=\"has-text-align-center\" data-align=\"center\">Romain<\/td><td class=\"has-text-align-center\" data-align=\"center\">2013\/2014<\/td><td class=\"has-text-align-center\" data-align=\"center\">2013\/2014<\/td><\/tr><tr><td class=\"has-text-align-center\" data-align=\"center\">Bosc<\/td><td class=\"has-text-align-center\" data-align=\"center\">St\u00e9phanie<\/td><td class=\"has-text-align-center\" data-align=\"center\">2013\/2014<\/td><td class=\"has-text-align-center\" data-align=\"center\">2013\/2014<\/td><\/tr><tr><td class=\"has-text-align-center\" data-align=\"center\">Chaumont<\/td><td class=\"has-text-align-center\" data-align=\"center\">Sylvia<\/td><td class=\"has-text-align-center\" data-align=\"center\">2013\/2014<\/td><td class=\"has-text-align-center\" data-align=\"center\">2013\/2014<\/td><\/tr><tr><td class=\"has-text-align-center\" data-align=\"center\">Colonna<\/td><td class=\"has-text-align-center\" data-align=\"center\">Thomas<\/td><td class=\"has-text-align-center\" data-align=\"center\">2013\/2014<\/td><td class=\"has-text-align-center\" data-align=\"center\">2013\/2014<\/td><\/tr><tr><td class=\"has-text-align-center\" data-align=\"center\">Faure<\/td><td class=\"has-text-align-center\" data-align=\"center\">Julien<\/td><td class=\"has-text-align-center\" data-align=\"center\">2013\/2014<\/td><td class=\"has-text-align-center\" data-align=\"center\">2013\/2014<\/td><\/tr><tr><td class=\"has-text-align-center\" data-align=\"center\">Galea<\/td><td class=\"has-text-align-center\" data-align=\"center\">Julien<\/td><td class=\"has-text-align-center\" data-align=\"center\">2013\/2014<\/td><td class=\"has-text-align-center\" data-align=\"center\">2013\/2014<\/td><\/tr><tr><td class=\"has-text-align-center\" data-align=\"center\">Mandoumou-Mangondo<\/td><td class=\"has-text-align-center\" data-align=\"center\">Simeon<\/td><td class=\"has-text-align-center\" data-align=\"center\">2013\/2014<\/td><td class=\"has-text-align-center\" data-align=\"center\">2013\/2014<\/td><\/tr><tr><td class=\"has-text-align-center\" data-align=\"center\">Prevosteau<\/td><td class=\"has-text-align-center\" data-align=\"center\">Maxime<\/td><td class=\"has-text-align-center\" data-align=\"center\">2013\/2014<\/td><td class=\"has-text-align-center\" data-align=\"center\">2013\/2014<\/td><\/tr><tr><td class=\"has-text-align-center\" data-align=\"center\">Priour Martin<\/td><td class=\"has-text-align-center\" data-align=\"center\">F\u00e9lix<\/td><td class=\"has-text-align-center\" data-align=\"center\">2013\/2014<\/td><td class=\"has-text-align-center\" data-align=\"center\">2013\/2014<\/td><\/tr><tr><td class=\"has-text-align-center\" data-align=\"center\">Faure<\/td><td class=\"has-text-align-center\" data-align=\"center\">Julien<\/td><td class=\"has-text-align-center\" data-align=\"center\">2012\/2013<\/td><td class=\"has-text-align-center\" data-align=\"center\">2013\/2014<\/td><\/tr><tr><td class=\"has-text-align-center\" data-align=\"center\">Avezard<\/td><td class=\"has-text-align-center\" data-align=\"center\">M\u00e9lanie<\/td><td class=\"has-text-align-center\" data-align=\"center\">2011\/2012<\/td><td class=\"has-text-align-center\" data-align=\"center\">2013\/2014<\/td><\/tr><tr><td class=\"has-text-align-center\" data-align=\"center\">Corda<\/td><td class=\"has-text-align-center\" data-align=\"center\">Sophie<\/td><td class=\"has-text-align-center\" data-align=\"center\">2011\/2012<\/td><td class=\"has-text-align-center\" data-align=\"center\">2013\/2014<\/td><\/tr><tr><td class=\"has-text-align-center\" data-align=\"center\">Guinel<\/td><td class=\"has-text-align-center\" data-align=\"center\">J\u00e9r\u00f4me<\/td><td class=\"has-text-align-center\" data-align=\"center\">2011\/2012<\/td><td class=\"has-text-align-center\" data-align=\"center\">2013\/2014<\/td><\/tr><tr><td class=\"has-text-align-center\" data-align=\"center\">Reuthal<\/td><td class=\"has-text-align-center\" data-align=\"center\">Christelle<\/td><td class=\"has-text-align-center\" data-align=\"center\">2011\/2012<\/td><td class=\"has-text-align-center\" data-align=\"center\">2013\/2014<\/td><\/tr><tr><td class=\"has-text-align-center\" data-align=\"center\">Vincent<\/td><td class=\"has-text-align-center\" data-align=\"center\">Julien<\/td><td class=\"has-text-align-center\" data-align=\"center\">2011\/2012<\/td><td class=\"has-text-align-center\" data-align=\"center\">2013\/2014<\/td><\/tr><tr><td class=\"has-text-align-center\" data-align=\"center\">Coillard<\/td><td class=\"has-text-align-center\" data-align=\"center\">David<\/td><td class=\"has-text-align-center\" data-align=\"center\">2012\/2013<\/td><td class=\"has-text-align-center\" data-align=\"center\">2012\/2013<\/td><\/tr><tr><td class=\"has-text-align-center\" data-align=\"center\">Goncalves<\/td><td class=\"has-text-align-center\" data-align=\"center\">Jo\u00ebl<\/td><td class=\"has-text-align-center\" data-align=\"center\">2012\/2013<\/td><td class=\"has-text-align-center\" data-align=\"center\">2012\/2013<\/td><\/tr><tr><td class=\"has-text-align-center\" data-align=\"center\">Pheng<\/td><td class=\"has-text-align-center\" data-align=\"center\">Socheat (Javi)<\/td><td class=\"has-text-align-center\" data-align=\"center\">2012\/2013<\/td><td class=\"has-text-align-center\" data-align=\"center\">2012\/2013<\/td><\/tr><tr><td class=\"has-text-align-center\" data-align=\"center\">Planque<\/td><td class=\"has-text-align-center\" data-align=\"center\">Julien<\/td><td class=\"has-text-align-center\" data-align=\"center\">2012\/2013<\/td><td class=\"has-text-align-center\" data-align=\"center\">2012\/2013<\/td><\/tr><tr><td class=\"has-text-align-center\" data-align=\"center\">Ustaze<\/td><td class=\"has-text-align-center\" data-align=\"center\">Ga\u00ebl<\/td><td class=\"has-text-align-center\" data-align=\"center\">2012\/2013<\/td><td class=\"has-text-align-center\" data-align=\"center\">2012\/2013<\/td><\/tr><tr><td class=\"has-text-align-center\" data-align=\"center\">Brun<\/td><td class=\"has-text-align-center\" data-align=\"center\">Nadine<\/td><td class=\"has-text-align-center\" data-align=\"center\">2011\/2012<\/td><td class=\"has-text-align-center\" data-align=\"center\">2012\/2013<\/td><\/tr><tr><td class=\"has-text-align-center\" data-align=\"center\">Szymanowicz<\/td><td class=\"has-text-align-center\" data-align=\"center\">Pierre<\/td><td class=\"has-text-align-center\" data-align=\"center\">2011\/2012<\/td><td class=\"has-text-align-center\" data-align=\"center\">2012\/2013<\/td><\/tr><tr><td class=\"has-text-align-center\" data-align=\"center\">Teyssier<\/td><td class=\"has-text-align-center\" data-align=\"center\">Fabien<\/td><td class=\"has-text-align-center\" data-align=\"center\">2011\/2012<\/td><td class=\"has-text-align-center\" data-align=\"center\">2012\/2013<\/td><\/tr><tr><td class=\"has-text-align-center\" data-align=\"center\">Charles<\/td><td class=\"has-text-align-center\" data-align=\"center\">Mickael<\/td><td class=\"has-text-align-center\" data-align=\"center\">2011\/2012<\/td><td class=\"has-text-align-center\" data-align=\"center\">2011\/2012<\/td><\/tr><tr><td class=\"has-text-align-center\" data-align=\"center\">Clemenceau<\/td><td class=\"has-text-align-center\" data-align=\"center\">Thomas<\/td><td class=\"has-text-align-center\" data-align=\"center\">2011\/2012<\/td><td class=\"has-text-align-center\" data-align=\"center\">2011\/2012<\/td><\/tr><tr><td class=\"has-text-align-center\" data-align=\"center\">Cortet<\/td><td class=\"has-text-align-center\" data-align=\"center\">S\u00e9verine<\/td><td class=\"has-text-align-center\" data-align=\"center\">2011\/2012<\/td><td class=\"has-text-align-center\" data-align=\"center\">2011\/2012<\/td><\/tr><tr><td class=\"has-text-align-center\" data-align=\"center\">Gabrielle<\/td><td class=\"has-text-align-center\" data-align=\"center\">Julien<\/td><td class=\"has-text-align-center\" data-align=\"center\">2011\/2012<\/td><td class=\"has-text-align-center\" data-align=\"center\">2011\/2012<\/td><\/tr><tr><td class=\"has-text-align-center\" data-align=\"center\">Garnier<\/td><td class=\"has-text-align-center\" data-align=\"center\">Pauline<\/td><td class=\"has-text-align-center\" data-align=\"center\">2011\/2012<\/td><td class=\"has-text-align-center\" data-align=\"center\">2011\/2012<\/td><\/tr><tr><td class=\"has-text-align-center\" data-align=\"center\">Lavorel<\/td><td class=\"has-text-align-center\" data-align=\"center\">Nicolas<\/td><td class=\"has-text-align-center\" data-align=\"center\">2011\/2012<\/td><td class=\"has-text-align-center\" data-align=\"center\">2011\/2012<\/td><\/tr><tr><td class=\"has-text-align-center\" data-align=\"center\">Le Lay<\/td><td class=\"has-text-align-center\" data-align=\"center\">Anne<\/td><td class=\"has-text-align-center\" data-align=\"center\">2011\/2012<\/td><td class=\"has-text-align-center\" data-align=\"center\">2011\/2012<\/td><\/tr><\/tbody><\/table><\/figure>\n","protected":false},"excerpt":{"rendered":"<p>Nom Pr\u00e9nom Premi\u00e8re saison Frog Derni\u00e8re saison Frog Andeme Nathalie 2018\/2019 2018\/2019 Bellicam Arnaud 2018\/2019 2018\/2019 Colin Alexandre 2018\/2019 2018\/2019 Gollot Engueran 2018\/2019 2018\/2019 Rivi\u00e8re Priscilla 2017\/2018 2018\/2019 Thomas Solange 2015\/2016 2018\/2019 Vergnac Pierre 2015\/2016 2018\/2019 Arnould Julien 2014\/2015 2018\/2019 Germant Michael 2013\/2014 2018\/2019 Durand Denis 2011\/2012 2018\/2019 Berthaud Dorian 2017\/2018 2017\/2018 Cagin St\u00e9phanie 2017\/2018 &hellip; <a href=\"https:\/\/frogdiscsection.fr\/index.php\/le-club\/les-anciens-joueurs\/\" class=\"more-link\">Continuer la lecture<span class=\"screen-reader-text\"> de &laquo;&nbsp;Les anciens joueurs&nbsp;&raquo;<\/span><\/a><\/p>\n","protected":false},"author":1,"featured_media":0,"parent":8,"menu_order":0,"comment_status":"closed","ping_status":"closed","template":"","meta":{"footnotes":""},"class_list":["post-1486","page","type-page","status-publish","hentry"],"_links":{"self":[{"href":"https:\/\/frogdiscsection.fr\/index.php\/wp-json\/wp\/v2\/pages\/1486","targetHints":{"allow":["GET"]}}],"collection":[{"href":"https:\/\/frogdiscsection.fr\/index.php\/wp-json\/wp\/v2\/pages"}],"about":[{"href":"https:\/\/frogdiscsection.fr\/index.php\/wp-json\/wp\/v2\/types\/page"}],"author":[{"embeddable":true,"href":"https:\/\/frogdiscsection.fr\/index.php\/wp-json\/wp\/v2\/users\/1"}],"replies":[{"embeddable":true,"href":"https:\/\/frogdiscsection.fr\/index.php\/wp-json\/wp\/v2\/comments?post=1486"}],"version-history":[{"count":1,"href":"https:\/\/frogdiscsection.fr\/index.php\/wp-json\/wp\/v2\/pages\/1486\/revisions"}],"predecessor-version":[{"id":1487,"href":"https:\/\/frogdiscsection.fr\/index.php\/wp-json\/wp\/v2\/pages\/1486\/revisions\/1487"}],"up":[{"embeddable":true,"href":"https:\/\/frogdiscsection.fr\/index.php\/wp-json\/wp\/v2\/pages\/8"}],"wp:attachment":[{"href":"https:\/\/frogdiscsection.fr\/index.php\/wp-json\/wp\/v2\/media?parent=1486"}],"curies":[{"name":"wp","href":"https:\/\/api.w.org\/{rel}","templated":true}]}}