{"id":1462,"date":"2020-03-22T00:20:36","date_gmt":"2020-03-21T23:20:36","guid":{"rendered":"http:\/\/frogdiscsection.fr\/?page_id=1462"},"modified":"2020-03-22T00:22:13","modified_gmt":"2020-03-21T23:22:13","slug":"francois","status":"publish","type":"page","link":"https:\/\/frogdiscsection.fr\/index.php\/le-club\/joueurs\/francois\/","title":{"rendered":"Fran\u00e7ois"},"content":{"rendered":"\n<div class=\"wp-block-image\"><figure class=\"aligncenter size-large\"><img decoding=\"async\" src=\"https:\/\/scontent.fcdg1-1.fna.fbcdn.net\/v\/t1.0-9\/67978060_2185607138234281_3032486321043013632_n.jpg?_nc_cat=109&amp;_nc_sid=8bfeb9&amp;_nc_ohc=5hGFtVhw9UcAX896aTG&amp;_nc_ht=scontent.fcdg1-1.fna&amp;oh=affb4e9a1dd6d9523ee126b3056b8e8c&amp;oe=5E9D54E9\" alt=\"\"\/><\/figure><\/div>\n\n\n\n<p class=\"has-text-align-center\">Num\u00e9ro: 35<br>Ann\u00e9e de naissance: 1983<br>Arriv\u00e9e au club: 2011\/2012 #Cr\u00e9ateur<br>D\u00e9buts \u00e0 l\u2019ultimate: ?<br>R\u00f4le(s) au sein du club: P\u00f4le comp\u00e9tition, entra\u00eeneur<\/p>\n\n\n\n<p class=\"has-text-align-center\">Description (faite par un autre membre du club, le 16 Aout 2019):<\/p>\n\n\n\n<p class=\"has-text-align-center\"> Pr\u00e9sentation des Frogs, on commence par&#8230;Fran\u00e7ois Trahay, coach, Gob quand il \u00e9tait plus jeune !Grenouille de la premi\u00e8re heure, Fran\u00e7ois est notre grand crapaud: il lance des disques depuis le lyc\u00e9e (\u00e7a remonte \u00e0 loin) &#8230; Ou peut-\u00eatre m\u00eame le coll\u00e8ge !! Parmi les fondateurs du mythique club d&rsquo;Angers !Connu pour son side et ses grosses longues, le l\u00e9gende raconte que, tout comme les athl\u00e8tes de la boxe Tha\u00ef qui s\u2019entra\u00eenent en frappant des poteaux avec leurs tibias, Fran\u00e7ois s&rsquo;entra\u00eenait au side face \u00e0 mur&#8230; C&rsquo;\u00e9tait \u00e0 Berlin en 1989&#8230; Et ne vous m\u00e9prenez pas, le calme qu&rsquo;il d\u00e9gage dans la vie n&rsquo;a d&rsquo;\u00e9gal que la soudainet\u00e9 de ses \u00ab\u00a0ta gueule pour voir?\u00a0\u00bb quand ses explications sont inappropri\u00e9ment interrompues !Si les Frogs en sont l\u00e0 aujourd&rsquo;hui &#8211; c&rsquo;est \u00e0 dire en haut de la division nationale 3 en indoor et outdoor, et en N1 en beach -, c&rsquo;est en partie gr\u00e2ce \u00e0 Fran\u00e7ois qui a entra\u00een\u00e9 le groupe pendant plusieurs ann\u00e9es, distillant ses conseils et tactiques lors d&rsquo;explications parfois un peu longues, mais tout le temps compl\u00e8tes.En bref, Fran\u00e7ois, c&rsquo;est un des piliers du club, un de nos gros handlers &#8211; et non handlers gros -, LE frog qui fait des bi\u00e8res maison pour le club depuis quelques ann\u00e9es, le frog le plus exp\u00e9riment\u00e9, LE casseur de bouche \u00e0 la force du disque &#8230;. Bref, c&rsquo;est Fran\u00e7ois quoi !Et sinon, vous connaissez l&rsquo;histoire de BAM la longue ? C&rsquo;est l&rsquo;histoire d&rsquo;un joueur qui dit au temps mort \u00ab\u00a0on a trop rat\u00e9 de longue, il faut arr\u00eater de craquer et jouer court\u00a0\u00bb. Et BAM, la longue.<br><br>R\u00e9mi<\/p>\n","protected":false},"excerpt":{"rendered":"<p>Num\u00e9ro: 35Ann\u00e9e de naissance: 1983Arriv\u00e9e au club: 2011\/2012 #Cr\u00e9ateurD\u00e9buts \u00e0 l\u2019ultimate: ?R\u00f4le(s) au sein du club: P\u00f4le comp\u00e9tition, entra\u00eeneur Description (faite par un autre membre du club, le 16 Aout 2019): Pr\u00e9sentation des Frogs, on commence par&#8230;Fran\u00e7ois Trahay, coach, Gob quand il \u00e9tait plus jeune !Grenouille de la premi\u00e8re heure, Fran\u00e7ois est notre grand crapaud: &hellip; <a href=\"https:\/\/frogdiscsection.fr\/index.php\/le-club\/joueurs\/francois\/\" class=\"more-link\">Continuer la lecture<span class=\"screen-reader-text\"> de &laquo;&nbsp;Fran\u00e7ois&nbsp;&raquo;<\/span><\/a><\/p>\n","protected":false},"author":1,"featured_media":0,"parent":835,"menu_order":0,"comment_status":"closed","ping_status":"closed","template":"","meta":{"footnotes":""},"class_list":["post-1462","page","type-page","status-publish","hentry"],"_links":{"self":[{"href":"https:\/\/frogdiscsection.fr\/index.php\/wp-json\/wp\/v2\/pages\/1462","targetHints":{"allow":["GET"]}}],"collection":[{"href":"https:\/\/frogdiscsection.fr\/index.php\/wp-json\/wp\/v2\/pages"}],"about":[{"href":"https:\/\/frogdiscsection.fr\/index.php\/wp-json\/wp\/v2\/types\/page"}],"author":[{"embeddable":true,"href":"https:\/\/frogdiscsection.fr\/index.php\/wp-json\/wp\/v2\/users\/1"}],"replies":[{"embeddable":true,"href":"https:\/\/frogdiscsection.fr\/index.php\/wp-json\/wp\/v2\/comments?post=1462"}],"version-history":[{"count":1,"href":"https:\/\/frogdiscsection.fr\/index.php\/wp-json\/wp\/v2\/pages\/1462\/revisions"}],"predecessor-version":[{"id":1463,"href":"https:\/\/frogdiscsection.fr\/index.php\/wp-json\/wp\/v2\/pages\/1462\/revisions\/1463"}],"up":[{"embeddable":true,"href":"https:\/\/frogdiscsection.fr\/index.php\/wp-json\/wp\/v2\/pages\/835"}],"wp:attachment":[{"href":"https:\/\/frogdiscsection.fr\/index.php\/wp-json\/wp\/v2\/media?parent=1462"}],"curies":[{"name":"wp","href":"https:\/\/api.w.org\/{rel}","templated":true}]}}