{"id":1460,"date":"2020-03-22T00:18:36","date_gmt":"2020-03-21T23:18:36","guid":{"rendered":"http:\/\/frogdiscsection.fr\/?page_id=1460"},"modified":"2020-03-22T00:22:20","modified_gmt":"2020-03-21T23:22:20","slug":"guigui","status":"publish","type":"page","link":"https:\/\/frogdiscsection.fr\/index.php\/le-club\/joueurs\/guigui\/","title":{"rendered":"Guigui"},"content":{"rendered":"\n<div class=\"wp-block-image\"><figure class=\"aligncenter size-large\"><img decoding=\"async\" src=\"https:\/\/scontent.fcdg1-1.fna.fbcdn.net\/v\/t1.0-9\/69577583_2216891091772552_8832529085205839872_n.jpg?_nc_cat=107&amp;_nc_sid=8bfeb9&amp;_nc_ohc=C3YidEdEk6UAX8XXI2D&amp;_nc_ht=scontent.fcdg1-1.fna&amp;oh=60417eea5103519587102cca5456a38d&amp;oe=5E9CF0A8\" alt=\"\"\/><\/figure><\/div>\n\n\n\n<p class=\"has-text-align-center\">Num\u00e9ro: 8<br>Ann\u00e9e de naissance: 1979<br>Arriv\u00e9e au club:  2011\/2012<br>D\u00e9buts \u00e0 l\u2019ultimate: 2011\/2012 #PurFrog<\/p>\n\n\n\n<p>Description (faite par un autre membre du club, le 3 Septembre 2019):<\/p>\n\n\n\n<p class=\"has-text-align-center\">\n\nCette semaine c&rsquo;est au tour de Guillaume Bec d&rsquo;\u00eatre \u00e0 l&rsquo;honneur. Guigui, c&rsquo;est un gars super cool qui vient du Sud de la France.Frog&rsquo;s des premi\u00e8res heures,  il a vu notre club ador\u00e9 grandir et devenir ce qu&rsquo;il est aujourd&rsquo;hui. Pas prise de t\u00eate et toujours avec le sourire, il se fera un plaisir de partager sa longue exp\u00e9rience du frisbee avec vous.Mais ne vous y fiez pas, l&rsquo;\u00e2ge n&rsquo;est qu&rsquo;un nombre et il reste selon moi l&rsquo;un des joueurs ayant le meilleur physique du club. Il est d&rsquo;autant plus redoutable grace \u00e0 son jeu de passes vives et assur\u00e9es. Toujours avec l&rsquo;envie de courir, le soutien de handler qui se barre pour aller catcher une longue c&rsquo;est lui!!! <\/p>\n\n\n\n<figure class=\"wp-block-image\"><img decoding=\"async\" src=\"https:\/\/static.xx.fbcdn.net\/images\/emoji.php\/v9\/t31\/1\/16\/1f438.png\" alt=\"\"\/><\/figure>\n\n\n\n<figure class=\"wp-block-image\"><img decoding=\"async\" src=\"https:\/\/static.xx.fbcdn.net\/images\/emoji.php\/v9\/t26\/1\/16\/1f3c3_1f3fb_200d_2642.png\" alt=\"\"\/><\/figure>\n\n\n\n<p>Thib&rsquo;s\n\n<\/p>\n","protected":false},"excerpt":{"rendered":"<p>Num\u00e9ro: 8Ann\u00e9e de naissance: 1979Arriv\u00e9e au club: 2011\/2012D\u00e9buts \u00e0 l\u2019ultimate: 2011\/2012 #PurFrog Description (faite par un autre membre du club, le 3 Septembre 2019): Cette semaine c&rsquo;est au tour de Guillaume Bec d&rsquo;\u00eatre \u00e0 l&rsquo;honneur. Guigui, c&rsquo;est un gars super cool qui vient du Sud de la France.Frog&rsquo;s des premi\u00e8res heures, il a vu notre &hellip; <a href=\"https:\/\/frogdiscsection.fr\/index.php\/le-club\/joueurs\/guigui\/\" class=\"more-link\">Continuer la lecture<span class=\"screen-reader-text\"> de &laquo;&nbsp;Guigui&nbsp;&raquo;<\/span><\/a><\/p>\n","protected":false},"author":1,"featured_media":0,"parent":835,"menu_order":0,"comment_status":"closed","ping_status":"closed","template":"","meta":{"footnotes":""},"class_list":["post-1460","page","type-page","status-publish","hentry"],"_links":{"self":[{"href":"https:\/\/frogdiscsection.fr\/index.php\/wp-json\/wp\/v2\/pages\/1460","targetHints":{"allow":["GET"]}}],"collection":[{"href":"https:\/\/frogdiscsection.fr\/index.php\/wp-json\/wp\/v2\/pages"}],"about":[{"href":"https:\/\/frogdiscsection.fr\/index.php\/wp-json\/wp\/v2\/types\/page"}],"author":[{"embeddable":true,"href":"https:\/\/frogdiscsection.fr\/index.php\/wp-json\/wp\/v2\/users\/1"}],"replies":[{"embeddable":true,"href":"https:\/\/frogdiscsection.fr\/index.php\/wp-json\/wp\/v2\/comments?post=1460"}],"version-history":[{"count":1,"href":"https:\/\/frogdiscsection.fr\/index.php\/wp-json\/wp\/v2\/pages\/1460\/revisions"}],"predecessor-version":[{"id":1461,"href":"https:\/\/frogdiscsection.fr\/index.php\/wp-json\/wp\/v2\/pages\/1460\/revisions\/1461"}],"up":[{"embeddable":true,"href":"https:\/\/frogdiscsection.fr\/index.php\/wp-json\/wp\/v2\/pages\/835"}],"wp:attachment":[{"href":"https:\/\/frogdiscsection.fr\/index.php\/wp-json\/wp\/v2\/media?parent=1460"}],"curies":[{"name":"wp","href":"https:\/\/api.w.org\/{rel}","templated":true}]}}