{"id":1458,"date":"2020-03-22T00:17:01","date_gmt":"2020-03-21T23:17:01","guid":{"rendered":"http:\/\/frogdiscsection.fr\/?page_id=1458"},"modified":"2020-03-22T00:21:48","modified_gmt":"2020-03-21T23:21:48","slug":"brams","status":"publish","type":"page","link":"https:\/\/frogdiscsection.fr\/index.php\/le-club\/joueurs\/brams\/","title":{"rendered":"Bram&rsquo;s"},"content":{"rendered":"\n<div class=\"wp-block-image\"><figure class=\"aligncenter size-large\"><img decoding=\"async\" src=\"https:\/\/scontent.fcdg1-1.fna.fbcdn.net\/v\/t1.0-9\/70507221_2230875533707441_8452614123790794752_n.jpg?_nc_cat=103&amp;_nc_sid=8bfeb9&amp;_nc_ohc=ow3jY95hzHsAX_ONInG&amp;_nc_ht=scontent.fcdg1-1.fna&amp;oh=0ad2cbd154e76a194918c5e0dff0ffe5&amp;oe=5E9E2C99\" alt=\"\"\/><\/figure><\/div>\n\n\n\n<p class=\"has-text-align-center\">Num\u00e9ro: 9<br>Ann\u00e9e de naissance: 1988<br>Arriv\u00e9e au club: 2011\/2012 #cr\u00e9ateur<br>D\u00e9buts \u00e0 l\u2019ultimate: 2011\/2012 #PurFrog<br>R\u00f4le(s) au sein du club: P\u00f4le comp\u00e9tition, p\u00f4le loisir, tr\u00e9sorier<\/p>\n\n\n\n<p>Description (faite par un autre membre du club, le 11 Septembre 2019):<\/p>\n\n\n\n<p class=\"has-text-align-center\"> On poursuit nos portraits des grenouilles du club d\u2019Evry, et c\u2019est au tour de Monsieur Brama LOGANADANE.Arriv\u00e9 de Pondich\u00e9ry, il prit part \u00e0 la cr\u00e9ation du club apr\u00e8s avoir particip\u00e9 \u00e0 quelques sorties \u00ab OVS \u00bb (on va sortir) avec d\u2019autres joueurs. Depuis, il fait parti du bureau ainsi que du p\u00f4le comp\u00e9tition et aide le club \u00e0 progresser dans son organisation.Brama c\u2019est aussi un joueur avec de l\u2019exp\u00e9rience et de solides bases de lancers. Cela lui a permis de prendre le r\u00f4le de \u00ab Handler \u00bb (celui qui lance et distribue le jeu) dans l\u2019\u00e9quipe 1. Si le club \u00e9volue aujourd\u2019hui en National 3 dans plusieurs championnats, c\u2019est en partie gr\u00e2ce \u00e0 ce monsieur.Vous l\u2019aurez compris, c\u2019est une figure importante du club qui rayonne un peu partout dans le monde de l\u2019Ultimate (en championnats ou en tournois) gr\u00e2ce \u00e0 son niveau de jeu, sa bonne humeur et sa gentillesse.Brama c\u2019est aussi le gars que tu ne vois arriver qu\u2019apr\u00e8s le physique aux entrainements mais qui peut te mettre ta dose en sprint sur un appel gr\u00e2ce \u00e0 une technique secr\u00e8te que lui seul connait\u2026 Bon apr\u00e8s, la l\u00e9gende raconte qu\u2019il ne peut la faire que 3 fois dans l\u2019ann\u00e9e\u2026 C\u2019est d\u00e9j\u00e0 \u00e7a !<br><br>Max T <\/p>\n\n\n\n<figure class=\"wp-block-image\"><img decoding=\"async\" src=\"https:\/\/static.xx.fbcdn.net\/images\/emoji.php\/v9\/t31\/1\/16\/1f438.png\" alt=\"\"\/><\/figure>\n","protected":false},"excerpt":{"rendered":"<p>Num\u00e9ro: 9Ann\u00e9e de naissance: 1988Arriv\u00e9e au club: 2011\/2012 #cr\u00e9ateurD\u00e9buts \u00e0 l\u2019ultimate: 2011\/2012 #PurFrogR\u00f4le(s) au sein du club: P\u00f4le comp\u00e9tition, p\u00f4le loisir, tr\u00e9sorier Description (faite par un autre membre du club, le 11 Septembre 2019): On poursuit nos portraits des grenouilles du club d\u2019Evry, et c\u2019est au tour de Monsieur Brama LOGANADANE.Arriv\u00e9 de Pondich\u00e9ry, il prit &hellip; <a href=\"https:\/\/frogdiscsection.fr\/index.php\/le-club\/joueurs\/brams\/\" class=\"more-link\">Continuer la lecture<span class=\"screen-reader-text\"> de &laquo;&nbsp;Bram&rsquo;s&nbsp;&raquo;<\/span><\/a><\/p>\n","protected":false},"author":1,"featured_media":0,"parent":835,"menu_order":0,"comment_status":"closed","ping_status":"closed","template":"","meta":{"footnotes":""},"class_list":["post-1458","page","type-page","status-publish","hentry"],"_links":{"self":[{"href":"https:\/\/frogdiscsection.fr\/index.php\/wp-json\/wp\/v2\/pages\/1458","targetHints":{"allow":["GET"]}}],"collection":[{"href":"https:\/\/frogdiscsection.fr\/index.php\/wp-json\/wp\/v2\/pages"}],"about":[{"href":"https:\/\/frogdiscsection.fr\/index.php\/wp-json\/wp\/v2\/types\/page"}],"author":[{"embeddable":true,"href":"https:\/\/frogdiscsection.fr\/index.php\/wp-json\/wp\/v2\/users\/1"}],"replies":[{"embeddable":true,"href":"https:\/\/frogdiscsection.fr\/index.php\/wp-json\/wp\/v2\/comments?post=1458"}],"version-history":[{"count":1,"href":"https:\/\/frogdiscsection.fr\/index.php\/wp-json\/wp\/v2\/pages\/1458\/revisions"}],"predecessor-version":[{"id":1459,"href":"https:\/\/frogdiscsection.fr\/index.php\/wp-json\/wp\/v2\/pages\/1458\/revisions\/1459"}],"up":[{"embeddable":true,"href":"https:\/\/frogdiscsection.fr\/index.php\/wp-json\/wp\/v2\/pages\/835"}],"wp:attachment":[{"href":"https:\/\/frogdiscsection.fr\/index.php\/wp-json\/wp\/v2\/media?parent=1458"}],"curies":[{"name":"wp","href":"https:\/\/api.w.org\/{rel}","templated":true}]}}