{"id":1456,"date":"2020-03-22T00:14:14","date_gmt":"2020-03-21T23:14:14","guid":{"rendered":"http:\/\/frogdiscsection.fr\/?page_id=1456"},"modified":"2020-03-22T00:21:58","modified_gmt":"2020-03-21T23:21:58","slug":"cecile","status":"publish","type":"page","link":"https:\/\/frogdiscsection.fr\/index.php\/le-club\/joueurs\/cecile\/","title":{"rendered":"C\u00e9cile"},"content":{"rendered":"\n<figure class=\"wp-block-image size-large\"><img decoding=\"async\" src=\"https:\/\/scontent.fcdg1-1.fna.fbcdn.net\/v\/t1.0-9\/70876952_2247563058705355_1823281370261094400_n.jpg?_nc_cat=101&amp;_nc_sid=8bfeb9&amp;_nc_ohc=hS924_FGdRoAX_Co8pk&amp;_nc_ht=scontent.fcdg1-1.fna&amp;oh=3535c6821a9235db7222a29394d336e5&amp;oe=5E9C4138\" alt=\"\"\/><\/figure>\n\n\n\n<p class=\"has-text-align-center\">Num\u00e9ro: 42<br>Ann\u00e9e de naissance: 1990<br>Arriv\u00e9e au club: 2014\/2015<br>D\u00e9buts \u00e0 l\u2019ultimate: ?<br>R\u00f4le(s) au sein du club: P\u00f4le f\u00e9minin<\/p>\n\n\n\n<p class=\"has-text-align-center\">Description (faite par un autre membre du club, le 20 Spetembre 2019):<\/p>\n\n\n\n<p class=\"has-text-align-center\"> Cette semaine parlons girl&rsquo;s avec C\u00e9cile Cela fait maintenant 6 ans que notre Mireille est sur les terrains d&rsquo;ultimate dont 4 ans avec les Frogs.Aujourd&rsquo;hui, elle est un pilier incontestable et ancienne capitaine  de notre \u00e9quipe 2 (et du p\u00f4le des r\u00e2leurs avec moi-m\u00eame mais \u00e7a c&rsquo;est autre chose&#8230;).Nous lui devons \u00e9galement beaucoup pour le d\u00e9veloppement de notre section f\u00e9minine en entretenant les relations avec le club du Sun. En effet, gr\u00e2ce \u00e0 C\u00e9cile, nos \u00ab\u00a0Froguettes\u00a0\u00bb ont pu participer au championnat mixte et f\u00e9minin indoor \/ outdoor avec les \u00ab\u00a0Frogsun\u00a0\u00bb.En parlant du mixte, C\u00e9cile a remport\u00e9, avec le Sun, le championnat N2 mixte 2019! Excusez-moi mais nous avons une championne avec nous!C\u00e9cile est donc un de nos membres le plus investi pour le d\u00e9veloppement de notre jeune club MAIS CE N&rsquo;EST PAS TOUT!C\u00e9cile participe \u00e0 la mise en lumi\u00e8re de notre sport \u00e0 travers son taf! Prof d&rsquo;EPS, elle enseigne ce sport magnifique lors de ses cours mais \u00e9galement avec son AS (Association Sportive pour les incultes&#8230; et on sait tous qu&rsquo;il y en a dans ce club) et peut-\u00eatre, gr\u00e2ce \u00e0 la publicit\u00e9 intensive aupr\u00e8s de ses \u00e9l\u00e8ves, nous pourrons ouvrir une section jeune.Pour conclure: Merci C\u00e9cile pour tout ce que tu fais pour les Frogs et pour l&rsquo;Ultimate!<br><br>Clem <\/p>\n","protected":false},"excerpt":{"rendered":"<p>Num\u00e9ro: 42Ann\u00e9e de naissance: 1990Arriv\u00e9e au club: 2014\/2015D\u00e9buts \u00e0 l\u2019ultimate: ?R\u00f4le(s) au sein du club: P\u00f4le f\u00e9minin Description (faite par un autre membre du club, le 20 Spetembre 2019): Cette semaine parlons girl&rsquo;s avec C\u00e9cile Cela fait maintenant 6 ans que notre Mireille est sur les terrains d&rsquo;ultimate dont 4 ans avec les Frogs.Aujourd&rsquo;hui, elle &hellip; <a href=\"https:\/\/frogdiscsection.fr\/index.php\/le-club\/joueurs\/cecile\/\" class=\"more-link\">Continuer la lecture<span class=\"screen-reader-text\"> de &laquo;&nbsp;C\u00e9cile&nbsp;&raquo;<\/span><\/a><\/p>\n","protected":false},"author":1,"featured_media":0,"parent":835,"menu_order":0,"comment_status":"closed","ping_status":"closed","template":"","meta":{"footnotes":""},"class_list":["post-1456","page","type-page","status-publish","hentry"],"_links":{"self":[{"href":"https:\/\/frogdiscsection.fr\/index.php\/wp-json\/wp\/v2\/pages\/1456","targetHints":{"allow":["GET"]}}],"collection":[{"href":"https:\/\/frogdiscsection.fr\/index.php\/wp-json\/wp\/v2\/pages"}],"about":[{"href":"https:\/\/frogdiscsection.fr\/index.php\/wp-json\/wp\/v2\/types\/page"}],"author":[{"embeddable":true,"href":"https:\/\/frogdiscsection.fr\/index.php\/wp-json\/wp\/v2\/users\/1"}],"replies":[{"embeddable":true,"href":"https:\/\/frogdiscsection.fr\/index.php\/wp-json\/wp\/v2\/comments?post=1456"}],"version-history":[{"count":1,"href":"https:\/\/frogdiscsection.fr\/index.php\/wp-json\/wp\/v2\/pages\/1456\/revisions"}],"predecessor-version":[{"id":1457,"href":"https:\/\/frogdiscsection.fr\/index.php\/wp-json\/wp\/v2\/pages\/1456\/revisions\/1457"}],"up":[{"embeddable":true,"href":"https:\/\/frogdiscsection.fr\/index.php\/wp-json\/wp\/v2\/pages\/835"}],"wp:attachment":[{"href":"https:\/\/frogdiscsection.fr\/index.php\/wp-json\/wp\/v2\/media?parent=1456"}],"curies":[{"name":"wp","href":"https:\/\/api.w.org\/{rel}","templated":true}]}}