{"id":1454,"date":"2020-03-22T00:12:09","date_gmt":"2020-03-21T23:12:09","guid":{"rendered":"http:\/\/frogdiscsection.fr\/?page_id=1454"},"modified":"2020-03-22T00:26:20","modified_gmt":"2020-03-21T23:26:20","slug":"vince","status":"publish","type":"page","link":"https:\/\/frogdiscsection.fr\/index.php\/le-club\/joueurs\/vince\/","title":{"rendered":"Vince"},"content":{"rendered":"\n<div class=\"wp-block-image\"><figure class=\"aligncenter size-large\"><img decoding=\"async\" src=\"https:\/\/scontent.fcdg1-1.fna.fbcdn.net\/v\/t1.0-9\/71392611_2256732171121777_1054322357004402688_n.jpg?_nc_cat=105&amp;_nc_sid=8bfeb9&amp;_nc_ohc=uiX_-Q_MWk0AX-J6kOr&amp;_nc_ht=scontent.fcdg1-1.fna&amp;oh=8375397a6a5e4fab283b290ea60f78a4&amp;oe=5E9C5756\" alt=\"\"\/><\/figure><\/div>\n\n\n\n<p class=\"has-text-align-center\">Num\u00e9ro: 37<br>Ann\u00e9e de naissance: 1997<br>Arriv\u00e9e au club: 2017\/2018<br>D\u00e9buts \u00e0 l\u2019ultimate: ?<\/p>\n\n\n\n<p>Description (faite par un autre membre du club, le 25 Septembre 2019):<\/p>\n\n\n\n<p class=\"has-text-align-center\">\n\nParlons d&rsquo;une grenouille suppl\u00e9mentaire cette semaine. Il a rejoint le club il y a 3 ans maintenant. Vincent Marchand est un soutien ind\u00e9fectible dans l&rsquo;\u00e9quipe 2. On le remarque sur les terrains gr\u00e2ce \u00e0 ses sprints inimitables \u200d<\/p>\n\n\n\n<figure class=\"wp-block-image\"><img decoding=\"async\" src=\"https:\/\/static.xx.fbcdn.net\/images\/emoji.php\/v9\/t6c\/1\/16\/1f4aa.png\" alt=\"\"\/><\/figure>\n\n\n\n<figure class=\"wp-block-image\"><img decoding=\"async\" src=\"https:\/\/static.xx.fbcdn.net\/images\/emoji.php\/v9\/t67\/1\/16\/1f3c3_1f3fc_200d_2642.png\" alt=\"\"\/><\/figure>\n\n\n\n<p class=\"has-text-align-center\">\u00ab\u00a0Princesse\u00a0\u00bb ne passe jamais inaper\u00e7u gr\u00e2ce \u00e0 son style hors du commun. <a href=\"https:\/\/www.facebook.com\/hashtag\/chemiseafleurs_joggingaguirlande?__cft__[0]=AZXHriPFtpXF1NUrMVm-l6lmP2Z1SLB9CIEMRP3ibDcFXV7WovncXiupIKFaPVlMj-FPpqV3_EiPhv2MJfagMhPbcEe93-LcwfHPnN58_E8UH6FC5jceQEKiwzaAz7KU0v4HwyfokrTtRuIVOt-lfJSMYTOslT2STHeXR1F3crbSyw&amp;__tn__=*NK-R\">#chemiseafleurs_joggingaguirlande<\/a>Le dive est sa botte secr\u00e8te et les mauvais terrains son talon d&rsquo;Achille : ses licras finissent tous dans le m\u00eame \u00e9tat ! <\/p>\n\n\n\n<figure class=\"wp-block-image\"><img decoding=\"async\" src=\"https:\/\/static.xx.fbcdn.net\/images\/emoji.php\/v9\/t34\/1\/16\/1f914.png\" alt=\"\"\/><\/figure>\n\n\n\n<p class=\"has-text-align-center\"> Toujours partant pour boire un coup et d\u00e9conner avec les copains, Vince a tout de m\u00eame des chevilles en carton auxquelles il faudra faire attention! <\/p>\n\n\n\n<figure class=\"wp-block-image\"><img decoding=\"async\" src=\"https:\/\/static.xx.fbcdn.net\/images\/emoji.php\/v9\/t96\/1\/16\/1f37b.png\" alt=\"\"\/><\/figure>\n\n\n\n<figure class=\"wp-block-image\"><img decoding=\"async\" src=\"https:\/\/static.xx.fbcdn.net\/images\/emoji.php\/v9\/t7b\/1\/16\/1f44c.png\" alt=\"\"\/><\/figure>\n\n\n\n<p>Eva\n\n<\/p>\n","protected":false},"excerpt":{"rendered":"<p>Num\u00e9ro: 37Ann\u00e9e de naissance: 1997Arriv\u00e9e au club: 2017\/2018D\u00e9buts \u00e0 l\u2019ultimate: ? Description (faite par un autre membre du club, le 25 Septembre 2019): Parlons d&rsquo;une grenouille suppl\u00e9mentaire cette semaine. Il a rejoint le club il y a 3 ans maintenant. Vincent Marchand est un soutien ind\u00e9fectible dans l&rsquo;\u00e9quipe 2. On le remarque sur les terrains &hellip; <a href=\"https:\/\/frogdiscsection.fr\/index.php\/le-club\/joueurs\/vince\/\" class=\"more-link\">Continuer la lecture<span class=\"screen-reader-text\"> de &laquo;&nbsp;Vince&nbsp;&raquo;<\/span><\/a><\/p>\n","protected":false},"author":1,"featured_media":0,"parent":835,"menu_order":0,"comment_status":"closed","ping_status":"closed","template":"","meta":{"footnotes":""},"class_list":["post-1454","page","type-page","status-publish","hentry"],"_links":{"self":[{"href":"https:\/\/frogdiscsection.fr\/index.php\/wp-json\/wp\/v2\/pages\/1454","targetHints":{"allow":["GET"]}}],"collection":[{"href":"https:\/\/frogdiscsection.fr\/index.php\/wp-json\/wp\/v2\/pages"}],"about":[{"href":"https:\/\/frogdiscsection.fr\/index.php\/wp-json\/wp\/v2\/types\/page"}],"author":[{"embeddable":true,"href":"https:\/\/frogdiscsection.fr\/index.php\/wp-json\/wp\/v2\/users\/1"}],"replies":[{"embeddable":true,"href":"https:\/\/frogdiscsection.fr\/index.php\/wp-json\/wp\/v2\/comments?post=1454"}],"version-history":[{"count":1,"href":"https:\/\/frogdiscsection.fr\/index.php\/wp-json\/wp\/v2\/pages\/1454\/revisions"}],"predecessor-version":[{"id":1455,"href":"https:\/\/frogdiscsection.fr\/index.php\/wp-json\/wp\/v2\/pages\/1454\/revisions\/1455"}],"up":[{"embeddable":true,"href":"https:\/\/frogdiscsection.fr\/index.php\/wp-json\/wp\/v2\/pages\/835"}],"wp:attachment":[{"href":"https:\/\/frogdiscsection.fr\/index.php\/wp-json\/wp\/v2\/media?parent=1454"}],"curies":[{"name":"wp","href":"https:\/\/api.w.org\/{rel}","templated":true}]}}