{"id":1452,"date":"2020-03-22T00:10:20","date_gmt":"2020-03-21T23:10:20","guid":{"rendered":"http:\/\/frogdiscsection.fr\/?page_id=1452"},"modified":"2020-03-22T00:25:12","modified_gmt":"2020-03-21T23:25:12","slug":"lucile","status":"publish","type":"page","link":"https:\/\/frogdiscsection.fr\/index.php\/le-club\/joueurs\/lucile\/","title":{"rendered":"Lucile"},"content":{"rendered":"\n<div class=\"wp-block-image\"><figure class=\"aligncenter size-large\"><img decoding=\"async\" src=\"https:\/\/scontent.fcdg1-1.fna.fbcdn.net\/v\/t1.0-9\/71494505_2274197339375260_2636882660139466752_n.jpg?_nc_cat=110&amp;_nc_sid=8bfeb9&amp;_nc_ohc=1TT-sL0Y1KgAX8xpEEC&amp;_nc_ht=scontent.fcdg1-1.fna&amp;oh=9d1edf657dcc7652e478c653b15632cc&amp;oe=5E9C20E3\" alt=\"\"\/><\/figure><\/div>\n\n\n\n<p class=\"has-text-align-center\">Num\u00e9ro: ?<br>Ann\u00e9e de naissance: 1984<br>Arriv\u00e9e au club: 2017\/2018<br>D\u00e9buts \u00e0 l\u2019ultimate: 2017\/2018 #PureFrog<br>R\u00f4le(s) au sein du club: P\u00f4le communication<\/p>\n\n\n\n<p class=\"has-text-align-center\">Description (faite par un autre membre du club, le 4 Octobre 2019):<\/p>\n\n\n\n<p class=\"has-text-align-center\">\n\nContinuons cette semaine par le portrait d\u2019une autre de nos Froguettes: Lucile.Elle d\u00e9buta dans le club il y a maintenant 3 ans, avec l\u2019arriv\u00e9e massive de nouveaux talents cette ann\u00e9e-l\u00e0.Toujours de bonne humeur, Lucile a toujours de l\u2019\u00e9nergie \u00e0 revendre.La l\u00e9gende raconte qu\u2019elle faisait une s\u00e9ance de fractionn\u00e9 le jeudi avant l\u2019entrainement avec notre ch\u00e8re Mireille, car la s\u00e9ance de physique n\u2019\u00e9tait pas assez costaud pour elles :=) (solide les meufs<\/p>\n\n\n\n<figure class=\"wp-block-image\"><img decoding=\"async\" src=\"https:\/\/static.xx.fbcdn.net\/images\/emoji.php\/v9\/t6c\/1\/16\/1f4aa.png\" alt=\"\"\/><\/figure>\n\n\n\n<p class=\"has-text-align-center\">)Middle de l\u2019\u00e9quipe f\u00e9minine ainsi que de l\u2019\u00e9quipe 2 des frogs, Lucile joue et catch toujours avec minutie par tous les temps.Elle fait partie du cercle tr\u00e8s ferm\u00e9 du club des joueurs qui s\u2019entrainent m\u00eame sous la neige <a href=\"https:\/\/www.facebook.com\/hashtag\/lejeudicestpaspourlesfrileux?__cft__[0]=AZUpDvmio-q2uxpABJXs61Y2qaCfiatM_4EE32KOE6P2HLdKOb7wiQvyXv5wPYdYvjFsryoyUTsua2cN-dYUMiuRQQe6SXqjXgiBcftNmSxtP2lG316JenZ-Ml5I1Om7NT1RGBory3EGEIxeH2Q-WVs6U5G4kcAwwadxvDXAfyGUPQ&amp;__tn__=*NK-R\">#lejeudicestpaspourlesfrileux<\/a>.<\/p>\n\n\n\n<figure class=\"wp-block-image\"><img decoding=\"async\" src=\"https:\/\/static.xx.fbcdn.net\/images\/emoji.php\/v9\/tf0\/1\/16\/2603.png\" alt=\"\"\/><\/figure>\n\n\n\n<p class=\"has-text-align-center\">Tr\u00e8s bonne co\u00e9quipi\u00e8re surtout aux entrainements, vous pouvez compter sur elle pour vous r\u00e9expliquer les exercices que vous n\u2019avez pas compris (Tmtc Lucile<\/p>\n\n\n\n<figure class=\"wp-block-image\"><img decoding=\"async\" src=\"https:\/\/static.xx.fbcdn.net\/images\/emoji.php\/v9\/t20\/1\/16\/1f61c.png\" alt=\"\"\/><\/figure>\n\n\n\n<figure class=\"wp-block-image\"><img decoding=\"async\" src=\"https:\/\/static.xx.fbcdn.net\/images\/emoji.php\/v9\/t20\/1\/16\/1f61c.png\" alt=\"\"\/><\/figure>\n\n\n\n<p class=\"has-text-align-center\">).On pourra aussi lui rendre hommage, car c\u2019est elle qui aide Thibaut au p\u00f4le communication, surtout en mati\u00e8re de correction des posts (ce qui n\u2019est pas une mince affaire chez nous).<\/p>\n\n\n\n<figure class=\"wp-block-image\"><img decoding=\"async\" src=\"https:\/\/static.xx.fbcdn.net\/images\/emoji.php\/v9\/t53\/1\/16\/1f605.png\" alt=\"\"\/><\/figure>\n\n\n\n<p>Thomas\n\n<\/p>\n","protected":false},"excerpt":{"rendered":"<p>Num\u00e9ro: ?Ann\u00e9e de naissance: 1984Arriv\u00e9e au club: 2017\/2018D\u00e9buts \u00e0 l\u2019ultimate: 2017\/2018 #PureFrogR\u00f4le(s) au sein du club: P\u00f4le communication Description (faite par un autre membre du club, le 4 Octobre 2019): Continuons cette semaine par le portrait d\u2019une autre de nos Froguettes: Lucile.Elle d\u00e9buta dans le club il y a maintenant 3 ans, avec l\u2019arriv\u00e9e massive &hellip; <a href=\"https:\/\/frogdiscsection.fr\/index.php\/le-club\/joueurs\/lucile\/\" class=\"more-link\">Continuer la lecture<span class=\"screen-reader-text\"> de &laquo;&nbsp;Lucile&nbsp;&raquo;<\/span><\/a><\/p>\n","protected":false},"author":1,"featured_media":0,"parent":835,"menu_order":0,"comment_status":"closed","ping_status":"closed","template":"","meta":{"footnotes":""},"class_list":["post-1452","page","type-page","status-publish","hentry"],"_links":{"self":[{"href":"https:\/\/frogdiscsection.fr\/index.php\/wp-json\/wp\/v2\/pages\/1452","targetHints":{"allow":["GET"]}}],"collection":[{"href":"https:\/\/frogdiscsection.fr\/index.php\/wp-json\/wp\/v2\/pages"}],"about":[{"href":"https:\/\/frogdiscsection.fr\/index.php\/wp-json\/wp\/v2\/types\/page"}],"author":[{"embeddable":true,"href":"https:\/\/frogdiscsection.fr\/index.php\/wp-json\/wp\/v2\/users\/1"}],"replies":[{"embeddable":true,"href":"https:\/\/frogdiscsection.fr\/index.php\/wp-json\/wp\/v2\/comments?post=1452"}],"version-history":[{"count":1,"href":"https:\/\/frogdiscsection.fr\/index.php\/wp-json\/wp\/v2\/pages\/1452\/revisions"}],"predecessor-version":[{"id":1453,"href":"https:\/\/frogdiscsection.fr\/index.php\/wp-json\/wp\/v2\/pages\/1452\/revisions\/1453"}],"up":[{"embeddable":true,"href":"https:\/\/frogdiscsection.fr\/index.php\/wp-json\/wp\/v2\/pages\/835"}],"wp:attachment":[{"href":"https:\/\/frogdiscsection.fr\/index.php\/wp-json\/wp\/v2\/media?parent=1452"}],"curies":[{"name":"wp","href":"https:\/\/api.w.org\/{rel}","templated":true}]}}