{"id":1450,"date":"2020-03-22T00:07:48","date_gmt":"2020-03-21T23:07:48","guid":{"rendered":"http:\/\/frogdiscsection.fr\/?page_id=1450"},"modified":"2020-03-22T00:25:53","modified_gmt":"2020-03-21T23:25:53","slug":"thib","status":"publish","type":"page","link":"https:\/\/frogdiscsection.fr\/index.php\/le-club\/joueurs\/thib\/","title":{"rendered":"Thib"},"content":{"rendered":"\n<figure class=\"wp-block-image size-large\"><img decoding=\"async\" src=\"https:\/\/scontent-frx5-1.xx.fbcdn.net\/v\/t1.0-9\/71962097_2281887531939574_1784094887516307456_n.jpg?_nc_cat=109&amp;_nc_sid=8bfeb9&amp;_nc_ohc=WSb7VLhQorsAX9ZGuVg&amp;_nc_ht=scontent-frx5-1.xx&amp;oh=b4e45ed568040621f3e13ee6379cc06e&amp;oe=5E9A4367\" alt=\"\"\/><\/figure>\n\n\n\n<p class=\"has-text-align-center\">Num\u00e9ro: 25<br>Ann\u00e9e de naissance: 1996<br>Arriv\u00e9e au club: 2017\/2018<br>D\u00e9buts \u00e0 l\u2019ultimate: 2016\/2017<br>R\u00f4le(s) au sein du club: P\u00f4le communication<\/p>\n\n\n\n<p class=\"has-text-align-center\">Description (faite par un autre membre du club, le 8 Octobre 2019):<\/p>\n\n\n\n<p class=\"has-text-align-center\">\n\nPr\u00e9sentons cette semaine le grand chef de la communication, le grand responsable des r\u00e9seaux sociaux&#8230; Il est aussi la princesse pr\u00e9f\u00e9r\u00e9e de Vincent et comme toutes les princesses, il a su tr\u00e8s r\u00e9cemment se lib\u00e9rer, d\u00e9livrer&#8230; Il a r\u00e9ussi \u00e0 mettre un pied dans l&rsquo;\u00e9quipe 1 outdoor l&rsquo;ann\u00e9e derni\u00e8re et il a su prendre sa place gr\u00e2ce \u00e0 une belle intensit\u00e9 sur le terrain et \u00e0 un revers magique&#8230; euh&#8230; en voie d&rsquo;\u00eatre magique <\/p>\n\n\n\n<figure class=\"wp-block-image\"><img decoding=\"async\" src=\"https:\/\/static.xx.fbcdn.net\/images\/emoji.php\/v9\/t57\/1\/16\/1f609.png\" alt=\"\"\/><\/figure>\n\n\n\n<p class=\"has-text-align-center\"> Si un jour, vous avez des chips dans votre sac, sachez que vous pourrez alors tout obtenir de lui sauf son sourire et sa bonne humeur qui l&rsquo;accompagnent toujours sur le terrain quelle que soit la situation. On peut dire qu&rsquo;en plus de la teamburger et de la teamroux, il fait surtout partie de la teamgrossebonnehumeur des Frogs, merci Monsieur Thibaut !Juste comme correctrice, je tenais \u00e0 une pr\u00e9cision : avec l&rsquo;auxiliaire \u00eatre, le participe pass\u00e9 s&rsquo;accorde avec le sujet !<\/p>\n\n\n\n<figure class=\"wp-block-image\"><img decoding=\"async\" src=\"https:\/\/static.xx.fbcdn.net\/images\/emoji.php\/v9\/t57\/1\/16\/1f609.png\" alt=\"\"\/><\/figure>\n","protected":false},"excerpt":{"rendered":"<p>Num\u00e9ro: 25Ann\u00e9e de naissance: 1996Arriv\u00e9e au club: 2017\/2018D\u00e9buts \u00e0 l\u2019ultimate: 2016\/2017R\u00f4le(s) au sein du club: P\u00f4le communication Description (faite par un autre membre du club, le 8 Octobre 2019): Pr\u00e9sentons cette semaine le grand chef de la communication, le grand responsable des r\u00e9seaux sociaux&#8230; Il est aussi la princesse pr\u00e9f\u00e9r\u00e9e de Vincent et comme toutes &hellip; <a href=\"https:\/\/frogdiscsection.fr\/index.php\/le-club\/joueurs\/thib\/\" class=\"more-link\">Continuer la lecture<span class=\"screen-reader-text\"> de &laquo;&nbsp;Thib&nbsp;&raquo;<\/span><\/a><\/p>\n","protected":false},"author":1,"featured_media":0,"parent":835,"menu_order":0,"comment_status":"closed","ping_status":"closed","template":"","meta":{"footnotes":""},"class_list":["post-1450","page","type-page","status-publish","hentry"],"_links":{"self":[{"href":"https:\/\/frogdiscsection.fr\/index.php\/wp-json\/wp\/v2\/pages\/1450","targetHints":{"allow":["GET"]}}],"collection":[{"href":"https:\/\/frogdiscsection.fr\/index.php\/wp-json\/wp\/v2\/pages"}],"about":[{"href":"https:\/\/frogdiscsection.fr\/index.php\/wp-json\/wp\/v2\/types\/page"}],"author":[{"embeddable":true,"href":"https:\/\/frogdiscsection.fr\/index.php\/wp-json\/wp\/v2\/users\/1"}],"replies":[{"embeddable":true,"href":"https:\/\/frogdiscsection.fr\/index.php\/wp-json\/wp\/v2\/comments?post=1450"}],"version-history":[{"count":1,"href":"https:\/\/frogdiscsection.fr\/index.php\/wp-json\/wp\/v2\/pages\/1450\/revisions"}],"predecessor-version":[{"id":1451,"href":"https:\/\/frogdiscsection.fr\/index.php\/wp-json\/wp\/v2\/pages\/1450\/revisions\/1451"}],"up":[{"embeddable":true,"href":"https:\/\/frogdiscsection.fr\/index.php\/wp-json\/wp\/v2\/pages\/835"}],"wp:attachment":[{"href":"https:\/\/frogdiscsection.fr\/index.php\/wp-json\/wp\/v2\/media?parent=1450"}],"curies":[{"name":"wp","href":"https:\/\/api.w.org\/{rel}","templated":true}]}}