{"id":1448,"date":"2020-03-22T00:05:23","date_gmt":"2020-03-21T23:05:23","guid":{"rendered":"http:\/\/frogdiscsection.fr\/?page_id=1448"},"modified":"2020-03-22T00:22:06","modified_gmt":"2020-03-21T23:22:06","slug":"eva","status":"publish","type":"page","link":"https:\/\/frogdiscsection.fr\/index.php\/le-club\/joueurs\/eva\/","title":{"rendered":"Eva"},"content":{"rendered":"\n<figure class=\"wp-block-image size-large\"><img decoding=\"async\" src=\"https:\/\/scontent-cdg2-1.xx.fbcdn.net\/v\/t1.0-9\/73342431_2304125453049115_1754859466039230464_n.jpg?_nc_cat=100&amp;_nc_sid=8bfeb9&amp;_nc_ohc=2JyOaoSKV4sAX99kgA-&amp;_nc_ht=scontent-cdg2-1.xx&amp;oh=066a426594ba14acf3becd1aba7fdf9a&amp;oe=5E9B0BBB\" alt=\"\"\/><\/figure>\n\n\n\n<p class=\"has-text-align-center\">Num\u00e9ro: 28<br>Ann\u00e9e de naissance: 1997<br>Arriv\u00e9e au club: 2017\/2018<br>D\u00e9buts \u00e0 l\u2019ultimate: 2017\/2018 #PureFrog<\/p>\n\n\n\n<p class=\"has-text-align-center\">Description (faite par un autre membre du club, le 19 Octobre 2019):<\/p>\n\n\n\n<p class=\"has-text-align-center\">\n\nC&rsquo;est une petite gazelle qui a \u00e9t\u00e9 train\u00e9e dans le club l&rsquo;ann\u00e9e derni\u00e8re par Mr Chips aka Thib&rsquo;s!! <\/p>\n\n\n\n<figure class=\"wp-block-image\"><img decoding=\"async\" src=\"https:\/\/static.xx.fbcdn.net\/images\/emoji.php\/v9\/t6c\/1\/16\/1f4aa.png\" alt=\"\"\/><\/figure>\n\n\n\n<p class=\"has-text-align-center\">Elle accroche bien avec l&rsquo;ambiance du club et elle \u00e9volue rapidement. D\u00e9j\u00e0 sportive \u00e0 son arriv\u00e9e,  elle est rapide sur ses courses. Ses lanc\u00e9s eux arrivent avec le temps, mais c&rsquo;est de mieux en mieux!Elle a envie de s&rsquo;investir dans la vie du club et dans l&rsquo;Ultimate. En effet, d\u00e8s sa premi\u00e8re ann\u00e9e, elle participe \u00e0 des tournois loisirs et elle se rend disponible pour nous filer un coup de main lors de nos \u00e9v\u00e9nements.Et cette ann\u00e9e c&rsquo;est parti pour les championnats. Une Queen de plus pour les Frogs!<\/p>\n\n\n\n<figure class=\"wp-block-image\"><img decoding=\"async\" src=\"https:\/\/static.xx.fbcdn.net\/images\/emoji.php\/v9\/t68\/1\/16\/1f478_1f3fb.png\" alt=\"\"\/><\/figure>\n\n\n\n<figure class=\"wp-block-image\"><img decoding=\"async\" src=\"https:\/\/static.xx.fbcdn.net\/images\/emoji.php\/v9\/t31\/1\/16\/1f438.png\" alt=\"\"\/><\/figure>\n\n\n\n<p class=\"has-text-align-center\">Si cependant vous la croisez sur du beach, sachez qu&rsquo;elle finit toujours sur les fesses apr\u00e8s un catch&#8230; Peut-\u00eatre est-ce pour apporter une note d&rsquo;esth\u00e9tisme&#8230; \u200d<\/p>\n\n\n\n<figure class=\"wp-block-image\"><img decoding=\"async\" src=\"https:\/\/static.xx.fbcdn.net\/images\/emoji.php\/v9\/ta3\/1\/16\/1f937_1f3fe_200d_2642.png\" alt=\"\"\/><\/figure>\n\n\n\n<p class=\"has-text-align-center\">Le club est ravi de pouvoir compter sur le talent de nouveaux arriv\u00e9s comme Eva pour les saisons \u00e0 venir!<br><br>Brama <\/p>\n","protected":false},"excerpt":{"rendered":"<p>Num\u00e9ro: 28Ann\u00e9e de naissance: 1997Arriv\u00e9e au club: 2017\/2018D\u00e9buts \u00e0 l\u2019ultimate: 2017\/2018 #PureFrog Description (faite par un autre membre du club, le 19 Octobre 2019): C&rsquo;est une petite gazelle qui a \u00e9t\u00e9 train\u00e9e dans le club l&rsquo;ann\u00e9e derni\u00e8re par Mr Chips aka Thib&rsquo;s!! Elle accroche bien avec l&rsquo;ambiance du club et elle \u00e9volue rapidement. D\u00e9j\u00e0 sportive &hellip; <a href=\"https:\/\/frogdiscsection.fr\/index.php\/le-club\/joueurs\/eva\/\" class=\"more-link\">Continuer la lecture<span class=\"screen-reader-text\"> de &laquo;&nbsp;Eva&nbsp;&raquo;<\/span><\/a><\/p>\n","protected":false},"author":1,"featured_media":0,"parent":835,"menu_order":0,"comment_status":"closed","ping_status":"closed","template":"","meta":{"footnotes":""},"class_list":["post-1448","page","type-page","status-publish","hentry"],"_links":{"self":[{"href":"https:\/\/frogdiscsection.fr\/index.php\/wp-json\/wp\/v2\/pages\/1448","targetHints":{"allow":["GET"]}}],"collection":[{"href":"https:\/\/frogdiscsection.fr\/index.php\/wp-json\/wp\/v2\/pages"}],"about":[{"href":"https:\/\/frogdiscsection.fr\/index.php\/wp-json\/wp\/v2\/types\/page"}],"author":[{"embeddable":true,"href":"https:\/\/frogdiscsection.fr\/index.php\/wp-json\/wp\/v2\/users\/1"}],"replies":[{"embeddable":true,"href":"https:\/\/frogdiscsection.fr\/index.php\/wp-json\/wp\/v2\/comments?post=1448"}],"version-history":[{"count":1,"href":"https:\/\/frogdiscsection.fr\/index.php\/wp-json\/wp\/v2\/pages\/1448\/revisions"}],"predecessor-version":[{"id":1449,"href":"https:\/\/frogdiscsection.fr\/index.php\/wp-json\/wp\/v2\/pages\/1448\/revisions\/1449"}],"up":[{"embeddable":true,"href":"https:\/\/frogdiscsection.fr\/index.php\/wp-json\/wp\/v2\/pages\/835"}],"wp:attachment":[{"href":"https:\/\/frogdiscsection.fr\/index.php\/wp-json\/wp\/v2\/media?parent=1448"}],"curies":[{"name":"wp","href":"https:\/\/api.w.org\/{rel}","templated":true}]}}