{"id":1446,"date":"2020-03-22T00:02:49","date_gmt":"2020-03-21T23:02:49","guid":{"rendered":"http:\/\/frogdiscsection.fr\/?page_id=1446"},"modified":"2020-03-22T00:25:24","modified_gmt":"2020-03-21T23:25:24","slug":"max","status":"publish","type":"page","link":"https:\/\/frogdiscsection.fr\/index.php\/le-club\/joueurs\/max\/","title":{"rendered":"Max"},"content":{"rendered":"\n<figure class=\"wp-block-image size-large\"><img decoding=\"async\" src=\"https:\/\/scontent-frx5-1.xx.fbcdn.net\/v\/t1.0-9\/74605555_2352564011538592_1446493299656359936_o.jpg?_nc_cat=103&amp;_nc_sid=8bfeb9&amp;_nc_ohc=gpr5Isbv4PIAX-qf4CZ&amp;_nc_ht=scontent-frx5-1.xx&amp;oh=8857ed5fd8bc7747d97b8e0c9f52834d&amp;oe=5E9B1F64\" alt=\"\"\/><\/figure>\n\n\n\n<p class=\"has-text-align-center\">Num\u00e9ro: 2<br>Ann\u00e9e de naissance: 1992<br>Arriv\u00e9e au club: 2016\/2017<br>D\u00e9buts \u00e0 l\u2019ultimate: 2016\/2017 #PurFrog<br>Frogs Award(s): meilleur co\u00e9quipier (2019)<\/p>\n\n\n\n<p>Description (faite par un autre membre du club, le 11Novembre 2019):<\/p>\n\n\n\n<p class=\"has-text-align-center\">C\u2019est au tour de Maxime Thoison \u00e9lu meilleur co\u00e9quipier des Frogs 2019, joueur d\u2019ultimate depuis 3 ans. Maxime est \u00e9galement professeur d\u2019EPS et responsable du futur p\u00f4le jeune d\u2019o\u00f9 son investissement pour le recrutement des b\u00e9b\u00e9s t\u00eatards via l\u2019AS ultimate qu\u2019il encadre dans son coll\u00e8ge. Maxime est, selon moi, un des meilleurs joueurs des Frogs gr\u00e2ce \u00e0 sa vision du jeu et son physique, malgr\u00e9 ses chevilles en carton! Il joue aux c\u00f4t\u00e9s de son fr\u00e8re en \u00e9quipe 1 depuis maintenant 2 ans. Il fait beaucoup d\u2019efforts pour ne pas craquer, mais il reste toutefois une craquotte. Max est un fondateur du FCtocard qu\u2019il repr\u00e9sente \u00e0 la perfection. Il est aussi le cr\u00e9ateur de la technique nomm\u00e9e \u00ab\u00a0taquiner le merlu\u00a0\u00bb. Voici une citation que Max m\u2019a dit un jour \u00ab l\u2019ulti c\u2019est comme la loi de la rue : s&rsquo;il y a un mec qui court, tu cours aussi \u00bb. Je finirai en disant que Max est un exemple que ce soit sur les terrains ou en dehors, mais qu\u2019il reste un tocard.Ps : C\u2019est une gazelle de compet&rsquo;<br><br>Tic <\/p>\n","protected":false},"excerpt":{"rendered":"<p>Num\u00e9ro: 2Ann\u00e9e de naissance: 1992Arriv\u00e9e au club: 2016\/2017D\u00e9buts \u00e0 l\u2019ultimate: 2016\/2017 #PurFrogFrogs Award(s): meilleur co\u00e9quipier (2019) Description (faite par un autre membre du club, le 11Novembre 2019): C\u2019est au tour de Maxime Thoison \u00e9lu meilleur co\u00e9quipier des Frogs 2019, joueur d\u2019ultimate depuis 3 ans. Maxime est \u00e9galement professeur d\u2019EPS et responsable du futur p\u00f4le jeune &hellip; <a href=\"https:\/\/frogdiscsection.fr\/index.php\/le-club\/joueurs\/max\/\" class=\"more-link\">Continuer la lecture<span class=\"screen-reader-text\"> de &laquo;&nbsp;Max&nbsp;&raquo;<\/span><\/a><\/p>\n","protected":false},"author":1,"featured_media":0,"parent":835,"menu_order":0,"comment_status":"closed","ping_status":"closed","template":"","meta":{"footnotes":""},"class_list":["post-1446","page","type-page","status-publish","hentry"],"_links":{"self":[{"href":"https:\/\/frogdiscsection.fr\/index.php\/wp-json\/wp\/v2\/pages\/1446","targetHints":{"allow":["GET"]}}],"collection":[{"href":"https:\/\/frogdiscsection.fr\/index.php\/wp-json\/wp\/v2\/pages"}],"about":[{"href":"https:\/\/frogdiscsection.fr\/index.php\/wp-json\/wp\/v2\/types\/page"}],"author":[{"embeddable":true,"href":"https:\/\/frogdiscsection.fr\/index.php\/wp-json\/wp\/v2\/users\/1"}],"replies":[{"embeddable":true,"href":"https:\/\/frogdiscsection.fr\/index.php\/wp-json\/wp\/v2\/comments?post=1446"}],"version-history":[{"count":1,"href":"https:\/\/frogdiscsection.fr\/index.php\/wp-json\/wp\/v2\/pages\/1446\/revisions"}],"predecessor-version":[{"id":1447,"href":"https:\/\/frogdiscsection.fr\/index.php\/wp-json\/wp\/v2\/pages\/1446\/revisions\/1447"}],"up":[{"embeddable":true,"href":"https:\/\/frogdiscsection.fr\/index.php\/wp-json\/wp\/v2\/pages\/835"}],"wp:attachment":[{"href":"https:\/\/frogdiscsection.fr\/index.php\/wp-json\/wp\/v2\/media?parent=1446"}],"curies":[{"name":"wp","href":"https:\/\/api.w.org\/{rel}","templated":true}]}}