{"id":1444,"date":"2020-03-22T00:00:25","date_gmt":"2020-03-21T23:00:25","guid":{"rendered":"http:\/\/frogdiscsection.fr\/?page_id=1444"},"modified":"2020-03-22T00:26:26","modified_gmt":"2020-03-21T23:26:26","slug":"tic","status":"publish","type":"page","link":"https:\/\/frogdiscsection.fr\/index.php\/le-club\/joueurs\/tic\/","title":{"rendered":"Tic"},"content":{"rendered":"\n<figure class=\"wp-block-image size-large\"><img decoding=\"async\" src=\"https:\/\/scontent-frx5-1.xx.fbcdn.net\/v\/t1.0-9\/75640665_2380391392089187_3352551286850453504_n.jpg?_nc_cat=108&amp;_nc_sid=8bfeb9&amp;_nc_ohc=mlAfGaDJSroAX9tbZZ-&amp;_nc_ht=scontent-frx5-1.xx&amp;oh=6b720a1d31f4567137b3136e126eb56f&amp;oe=5E9C58F0\" alt=\"\"\/><\/figure>\n\n\n\n<p class=\"has-text-align-center\">Num\u00e9ro: 99<br>Ann\u00e9e de naissance: 2001<br>Arriv\u00e9e au club: 2018\/2019<br>D\u00e9buts \u00e0 l\u2019ultimate: 20182019 #PurFrog<br>Frogs Award(s): meilleure progression (2019)<\/p>\n\n\n\n<p class=\"has-text-align-center\">Description (faite par un autre membre du club, le 24 Novembre 2019):<\/p>\n\n\n\n<p>Pr\u00e9sentons cette semaine un jeune t\u00eatard : Estebann Crouzier ou Tic pour les intimes.Franchement, quand il arrive \u00e0 avoir des crampons pour faire les entra\u00eenements, c\u2019est une machine.Petit par la taille, grand par sa g\u00e9n\u00e9rosit\u00e9 sur le terrain, il saura vous r\u00e9galer de quelques dives d\u00e9fensifs bien assaisonn\u00e9s.Bon par contre, il ne faut pas l\u2019envoyer en duel sur une longue planante, franchement \u00e7a se fait pas les gars, arr\u00eatez\u2026Avec seulement tr\u00e8s peu d\u2019ann\u00e9es d\u2019ultimate dans les jambes, il arrive d\u00e9j\u00e0 \u00e0 avoir une bonne vision du placement et \u00e7a, pour tous ceux et celles qui en doutaient, et je ne sais que vous \u00eates nombreux, \u00e7a nous prouve bien qu\u2019il a un cerveau le gars.Malgr\u00e9 ses d\u00e9buts en \u00e9tudes sup\u00e9rieures rendus difficiles par beaucoup de temps de trajet, il arrive \u00e0 r\u00e9pondre pr\u00e9sent aux entra\u00eenements, mentalement le mec il est motiv\u00e9. Ce serait par contre bien qu\u2019il soit aussi motiv\u00e9 pour changer sa technique de coup droit (je te l\u2019ai d\u00e9j\u00e0 dit, ils ne vont loin qu\u2019en Indoor, MUSCLE TON JEU ROBEEEERRRRT).C\u2019est avec grand plaisir que je le c\u00f4toie dans le club et j\u2019esp\u00e8re qu\u2019un jour il arrivera \u00e0 \u00e9couter ses a\u00een\u00e9s afin d\u2019obtenir un vrai coup droit ! <\/p>\n\n\n\n<figure class=\"wp-block-image\"><img decoding=\"async\" src=\"https:\/\/static.xx.fbcdn.net\/images\/emoji.php\/v9\/t6c\/1\/16\/2764.png\" alt=\"\"\/><\/figure>\n\n\n\n<p>JuB\n\n<\/p>\n","protected":false},"excerpt":{"rendered":"<p>Num\u00e9ro: 99Ann\u00e9e de naissance: 2001Arriv\u00e9e au club: 2018\/2019D\u00e9buts \u00e0 l\u2019ultimate: 20182019 #PurFrogFrogs Award(s): meilleure progression (2019) Description (faite par un autre membre du club, le 24 Novembre 2019): Pr\u00e9sentons cette semaine un jeune t\u00eatard : Estebann Crouzier ou Tic pour les intimes.Franchement, quand il arrive \u00e0 avoir des crampons pour faire les entra\u00eenements, c\u2019est une &hellip; <a href=\"https:\/\/frogdiscsection.fr\/index.php\/le-club\/joueurs\/tic\/\" class=\"more-link\">Continuer la lecture<span class=\"screen-reader-text\"> de &laquo;&nbsp;Tic&nbsp;&raquo;<\/span><\/a><\/p>\n","protected":false},"author":1,"featured_media":0,"parent":835,"menu_order":0,"comment_status":"closed","ping_status":"closed","template":"","meta":{"footnotes":""},"class_list":["post-1444","page","type-page","status-publish","hentry"],"_links":{"self":[{"href":"https:\/\/frogdiscsection.fr\/index.php\/wp-json\/wp\/v2\/pages\/1444","targetHints":{"allow":["GET"]}}],"collection":[{"href":"https:\/\/frogdiscsection.fr\/index.php\/wp-json\/wp\/v2\/pages"}],"about":[{"href":"https:\/\/frogdiscsection.fr\/index.php\/wp-json\/wp\/v2\/types\/page"}],"author":[{"embeddable":true,"href":"https:\/\/frogdiscsection.fr\/index.php\/wp-json\/wp\/v2\/users\/1"}],"replies":[{"embeddable":true,"href":"https:\/\/frogdiscsection.fr\/index.php\/wp-json\/wp\/v2\/comments?post=1444"}],"version-history":[{"count":1,"href":"https:\/\/frogdiscsection.fr\/index.php\/wp-json\/wp\/v2\/pages\/1444\/revisions"}],"predecessor-version":[{"id":1445,"href":"https:\/\/frogdiscsection.fr\/index.php\/wp-json\/wp\/v2\/pages\/1444\/revisions\/1445"}],"up":[{"embeddable":true,"href":"https:\/\/frogdiscsection.fr\/index.php\/wp-json\/wp\/v2\/pages\/835"}],"wp:attachment":[{"href":"https:\/\/frogdiscsection.fr\/index.php\/wp-json\/wp\/v2\/media?parent=1444"}],"curies":[{"name":"wp","href":"https:\/\/api.w.org\/{rel}","templated":true}]}}