{"id":1438,"date":"2020-03-21T23:54:39","date_gmt":"2020-03-21T22:54:39","guid":{"rendered":"http:\/\/frogdiscsection.fr\/?page_id=1438"},"modified":"2020-03-22T00:25:46","modified_gmt":"2020-03-21T23:25:46","slug":"remi","status":"publish","type":"page","link":"https:\/\/frogdiscsection.fr\/index.php\/le-club\/joueurs\/remi\/","title":{"rendered":"R\u00e9mi"},"content":{"rendered":"\n<div class=\"wp-block-image is-style-default\"><figure class=\"aligncenter size-large\"><img decoding=\"async\" src=\"https:\/\/scontent-frx5-1.xx.fbcdn.net\/v\/t1.0-9\/76765482_2393393400788986_5481883200466714624_n.jpg?_nc_cat=103&amp;_nc_sid=8bfeb9&amp;_nc_ohc=cLvzE5AOuIcAX_ugGQS&amp;_nc_ht=scontent-frx5-1.xx&amp;oh=d318226686e59fc0dc4771efd4c9fde0&amp;oe=5E9AE6C5\" alt=\"\"\/><\/figure><\/div>\n\n\n\n<p class=\"has-text-align-center\">Num\u00e9ro: 21<br>Ann\u00e9e de naissance: 1987<br>Arriv\u00e9e au club: 2013\/2014<br>D\u00e9buts \u00e0 l\u2019ultimate: 2013\/2014 #PurFrog<br>R\u00f4le(s) au sein du club: P\u00f4le comp\u00e9tition, entra\u00eeneur, secr\u00e9taire<br>Frogs Award(s): meilleur co\u00e9quipier (2018), meilleur joueur (2019)<\/p>\n\n\n\n<p class=\"has-text-align-center\">Description (faite par un autre membre du club, le 30 Novembre 2019):<\/p>\n\n\n\n<p class=\"has-text-align-center\">\u00c0 mon tour de vous conter l\u2019histoire d\u2019un crapaud devenu prince, un vieux prince mais un prince quand m\u00eame. (Ne vous inqui\u00e9tez pas, il n\u2019y aura pas de bisou).<br>C\u2019est gr\u00e2ce \u00e0 lui que j\u2019ai pu d\u00e9couvrir l\u2019ultimate et appr\u00e9cier ce sport. R\u00e9mi, surnomm\u00e9 le vieux par les plus grands joueurs (on dit que c\u2019est \u00e0 cause de sa barbe blanchissante\u2026), est devenu un \u00e9l\u00e9ment important du club des Frogs. Arriv\u00e9 sur la pointe des pieds, sorti de son gymnase (et oui les premiers entra\u00eenements en hiver ont \u00e9t\u00e9 difficiles), il a su prendre une place importante  dans le club en \u00e9voluant rapidement et en devenant un joueur important. R\u00e9mi est un joueur multit\u00e2che capable de jouer n\u2019 importe o\u00f9 et de d\u00e9bloquer des situations difficiles, sauf devant la zone\u2026 Attention \u00e9galement aux couleurs des maillots cela peut changer la physionomie du match ou du moins sa fa\u00e7on de voir les choses. C\u2019est un joueur avec de grosses qualit\u00e9s, surtout au service de l\u2019\u00e9quipe, au sein de laquelle il arrive \u00e0 faire progresser les joueurs qui jouent avec lui. Depuis quelques ann\u00e9es maintenant, R\u00e9mi a repris le coaching et tente d\u2019amener un nouvel \u00e9lan au club en compl\u00e9tant le travail commenc\u00e9 par Mr Fran\u00e7ois et en essayant de monter de division.Maintenant papa, il \u00e9l\u00e8ve et forme un petit t\u00eatard pour prendre la rel\u00e8ve dans les ann\u00e9es \u00e0 venir. Cette mission est sans aucun doute la plus importante et il l\u2019accomplira haut la main.Et comme on dit souvent \u00e0 la fin\u2026 Il v\u00e9cu heureux et eu beaucoup d\u2019enfants (pour l\u2019instant 1 mais ce n\u2019est que le d\u00e9but).<br><br>Mitch un ancien Frog (nostalgique) <\/p>\n","protected":false},"excerpt":{"rendered":"<p>Num\u00e9ro: 21Ann\u00e9e de naissance: 1987Arriv\u00e9e au club: 2013\/2014D\u00e9buts \u00e0 l\u2019ultimate: 2013\/2014 #PurFrogR\u00f4le(s) au sein du club: P\u00f4le comp\u00e9tition, entra\u00eeneur, secr\u00e9taireFrogs Award(s): meilleur co\u00e9quipier (2018), meilleur joueur (2019) Description (faite par un autre membre du club, le 30 Novembre 2019): \u00c0 mon tour de vous conter l\u2019histoire d\u2019un crapaud devenu prince, un vieux prince mais un &hellip; <a href=\"https:\/\/frogdiscsection.fr\/index.php\/le-club\/joueurs\/remi\/\" class=\"more-link\">Continuer la lecture<span class=\"screen-reader-text\"> de &laquo;&nbsp;R\u00e9mi&nbsp;&raquo;<\/span><\/a><\/p>\n","protected":false},"author":1,"featured_media":0,"parent":835,"menu_order":0,"comment_status":"closed","ping_status":"closed","template":"","meta":{"footnotes":""},"class_list":["post-1438","page","type-page","status-publish","hentry"],"_links":{"self":[{"href":"https:\/\/frogdiscsection.fr\/index.php\/wp-json\/wp\/v2\/pages\/1438","targetHints":{"allow":["GET"]}}],"collection":[{"href":"https:\/\/frogdiscsection.fr\/index.php\/wp-json\/wp\/v2\/pages"}],"about":[{"href":"https:\/\/frogdiscsection.fr\/index.php\/wp-json\/wp\/v2\/types\/page"}],"author":[{"embeddable":true,"href":"https:\/\/frogdiscsection.fr\/index.php\/wp-json\/wp\/v2\/users\/1"}],"replies":[{"embeddable":true,"href":"https:\/\/frogdiscsection.fr\/index.php\/wp-json\/wp\/v2\/comments?post=1438"}],"version-history":[{"count":2,"href":"https:\/\/frogdiscsection.fr\/index.php\/wp-json\/wp\/v2\/pages\/1438\/revisions"}],"predecessor-version":[{"id":1442,"href":"https:\/\/frogdiscsection.fr\/index.php\/wp-json\/wp\/v2\/pages\/1438\/revisions\/1442"}],"up":[{"embeddable":true,"href":"https:\/\/frogdiscsection.fr\/index.php\/wp-json\/wp\/v2\/pages\/835"}],"wp:attachment":[{"href":"https:\/\/frogdiscsection.fr\/index.php\/wp-json\/wp\/v2\/media?parent=1438"}],"curies":[{"name":"wp","href":"https:\/\/api.w.org\/{rel}","templated":true}]}}