{"id":1436,"date":"2020-03-21T23:48:21","date_gmt":"2020-03-21T22:48:21","guid":{"rendered":"http:\/\/frogdiscsection.fr\/?page_id=1436"},"modified":"2020-03-22T00:25:29","modified_gmt":"2020-03-21T23:25:29","slug":"mrick-2","status":"publish","type":"page","link":"https:\/\/frogdiscsection.fr\/index.php\/le-club\/joueurs\/mrick-2\/","title":{"rendered":"Mrick"},"content":{"rendered":"\n<figure class=\"wp-block-image size-large\"><img decoding=\"async\" src=\"https:\/\/scontent-frx5-1.xx.fbcdn.net\/v\/t1.0-9\/78225298_2410950515699941_9016567866903756800_n.jpg?_nc_cat=110&amp;_nc_sid=8bfeb9&amp;_nc_ohc=JrdPQTgolUYAX9Bedgo&amp;_nc_ht=scontent-frx5-1.xx&amp;oh=85bc738e6596fedcf728bedb26c45df1&amp;oe=5E9BA1AB\" alt=\"\"\/><\/figure>\n\n\n\n<p class=\"has-text-align-center\">Num\u00e9ro: 77<br>Ann\u00e9e de naissance: 1977<br>Arriv\u00e9e au club: 2011\/2012 #cr\u00e9ateur<br>D\u00e9buts \u00e0 l\u2019ultimate: 2017\/2018 #PurFrog #Blessure<br>R\u00f4le(s) au sein du club: pr\u00e9sident<\/p>\n\n\n\n<p class=\"has-text-align-center\">Description (faite par un autre membre du club, le 8 D\u00e9cembre 2019):<\/p>\n\n\n\n<p class=\"has-text-align-center\"> Au commencement, Emeric cr\u00e9a le ciel et la terre. Or la terre \u00e9tait chaotique et vide. Les t\u00e9n\u00e8bres couvraient l\u2019ab\u00eeme, et l\u2019Esprit d\u2019Emeric planait au-dessus des eaux.Et Emeric dit alors : Que la lumi\u00e8re soit !Et la lumi\u00e8re fut. Emeric vit que la lumi\u00e8re \u00e9tait bonne, et il s\u00e9para la lumi\u00e8re des t\u00e9n\u00e8bres. Il appela la lumi\u00e8re : \u00ab jour \u00bb et les t\u00e9n\u00e8bres : \u00ab nuit \u00bb. Il y eut une soir, il y eut un matin. Ce fut le premier jour.Puis Emeric dit \u00ab c\u2019est cool il fait jour, mais qu\u2019est ce qu\u2019on se fait chier ! J\u2019ai envie de lancer des disques  \u00bbEt Emeric cr\u00e9a l\u2019effet gyroscopique, le Frisbee, puis il cr\u00e9a l\u2019Ultimate.Puis Emeric cr\u00e9a un club. Il l\u2019appela Frog Disc Section car Emeric \u00e9tait fatigu\u00e9 et n\u2019avait plus trop d\u2019id\u00e9es\u2026Chacun jugera l\u2019exactitude des faits d\u00e9crits dans cet extrait de la Bible Frog \u2013 G\u00e9n\u00e8se \u2013 Saison I Episode 1.Mais tous les historiens sont d\u2019accord pour faire de Emeric BEDU un pilier incontournable de l\u2019apparition de l\u2019Ultimate Frisbee en Essonne.On va faire dans l\u2019ordre tout d\u2019abord c\u2019est un bon et beau joueur. Capable de tout faire sur le plan technique avec une grande pr\u00e9cision et de mani\u00e8re tr\u00e8s fluide en jeu court comme en longue.C\u2019est en plus un co\u00e9quipier exemplaire et extr\u00eamement fiable en comp\u00e9tition, mettant ses qualit\u00e9s au service d\u2019un jeu simple mais essentiel pour l\u2019\u00e9quipe.D\u00e9crire en d\u00e9tail ses qualit\u00e9s de rassembleur serait trop long, mais pour faire concis :Tout le monde a le droit de trouver l\u2019Ultimate g\u00e9nial ou trop naze apr\u00e8s avoir jou\u00e9 pour la premi\u00e8re fois, mais on ne peut que trouver en Emeric le meilleur vecteur pour vous filer le virus.Pas besoin de didactique \u00e0 outrance ou de tableau noir. L\u2019adh\u00e9sion vient d\u2019un m\u00e9lange naturel d\u2019enthousiasme, de bienveillance et on joue sans se prendre la t\u00eate.Il a \u00e9t\u00e9 \u00e0 l\u2019initiative de sessions de jeu open \u00e0 Draveil puis \u00e0 l\u2019initiative de la cr\u00e9ation du club en y occupant le fauteuil de pr\u00e9sident de 2011 \u00e0 2018.Si vous souhaitez le rencontrer lors du prochain championnat, eh bien cela ne sera pas possible car malheureusement nous d\u00e9plorons sa retraite sportive pr\u00e9matur\u00e9e. Suite \u00e0 une rupture ligamentaire au genou, Emeric a absolument voulu se faire op\u00e9rer en Jamaique par le Dr Marley malgr\u00e9 le scepticisme de la plupart d\u2019entre nous. La r\u00e9\u00e9ducation sera difficile et d\u00e9finitivement insuffisante \uf04cMais il est pour toujours et tant qu\u2019il le voudra le pr\u00e9sident d\u2019honneur du club.PS : apr\u00e8s l\u2019\u00e9criture de ces lignes nous d\u00e9couvrons que ce post sort presque en m\u00eame temps que l\u2019anniversaire de Emeric. C\u2019est une co\u00efncidence bien entendu.<br>Joyeux anniversaire Emeric ! <\/p>\n","protected":false},"excerpt":{"rendered":"<p>Num\u00e9ro: 77Ann\u00e9e de naissance: 1977Arriv\u00e9e au club: 2011\/2012 #cr\u00e9ateurD\u00e9buts \u00e0 l\u2019ultimate: 2017\/2018 #PurFrog #BlessureR\u00f4le(s) au sein du club: pr\u00e9sident Description (faite par un autre membre du club, le 8 D\u00e9cembre 2019): Au commencement, Emeric cr\u00e9a le ciel et la terre. Or la terre \u00e9tait chaotique et vide. Les t\u00e9n\u00e8bres couvraient l\u2019ab\u00eeme, et l\u2019Esprit d\u2019Emeric planait &hellip; <a href=\"https:\/\/frogdiscsection.fr\/index.php\/le-club\/joueurs\/mrick-2\/\" class=\"more-link\">Continuer la lecture<span class=\"screen-reader-text\"> de &laquo;&nbsp;Mrick&nbsp;&raquo;<\/span><\/a><\/p>\n","protected":false},"author":1,"featured_media":0,"parent":835,"menu_order":0,"comment_status":"closed","ping_status":"closed","template":"","meta":{"footnotes":""},"class_list":["post-1436","page","type-page","status-publish","hentry"],"_links":{"self":[{"href":"https:\/\/frogdiscsection.fr\/index.php\/wp-json\/wp\/v2\/pages\/1436","targetHints":{"allow":["GET"]}}],"collection":[{"href":"https:\/\/frogdiscsection.fr\/index.php\/wp-json\/wp\/v2\/pages"}],"about":[{"href":"https:\/\/frogdiscsection.fr\/index.php\/wp-json\/wp\/v2\/types\/page"}],"author":[{"embeddable":true,"href":"https:\/\/frogdiscsection.fr\/index.php\/wp-json\/wp\/v2\/users\/1"}],"replies":[{"embeddable":true,"href":"https:\/\/frogdiscsection.fr\/index.php\/wp-json\/wp\/v2\/comments?post=1436"}],"version-history":[{"count":2,"href":"https:\/\/frogdiscsection.fr\/index.php\/wp-json\/wp\/v2\/pages\/1436\/revisions"}],"predecessor-version":[{"id":1443,"href":"https:\/\/frogdiscsection.fr\/index.php\/wp-json\/wp\/v2\/pages\/1436\/revisions\/1443"}],"up":[{"embeddable":true,"href":"https:\/\/frogdiscsection.fr\/index.php\/wp-json\/wp\/v2\/pages\/835"}],"wp:attachment":[{"href":"https:\/\/frogdiscsection.fr\/index.php\/wp-json\/wp\/v2\/media?parent=1436"}],"curies":[{"name":"wp","href":"https:\/\/api.w.org\/{rel}","templated":true}]}}