{"id":1430,"date":"2020-03-21T23:30:24","date_gmt":"2020-03-21T22:30:24","guid":{"rendered":"http:\/\/frogdiscsection.fr\/?page_id=1430"},"modified":"2020-04-10T21:40:52","modified_gmt":"2020-04-10T19:40:52","slug":"marie","status":"publish","type":"page","link":"https:\/\/frogdiscsection.fr\/index.php\/le-club\/joueurs\/marie\/","title":{"rendered":"Marie"},"content":{"rendered":"\n<div class=\"wp-block-group\"><div class=\"wp-block-group__inner-container is-layout-flow wp-block-group-is-layout-flow\">\n<div class=\"wp-block-group\"><div class=\"wp-block-group__inner-container is-layout-flow wp-block-group-is-layout-flow\">\n<figure class=\"wp-block-image size-large\"><img decoding=\"async\" src=\"https:\/\/scontent-frx5-1.xx.fbcdn.net\/v\/t1.0-9\/82215223_2484268175034841_6900256477357801472_n.jpg?_nc_cat=107&amp;_nc_sid=8bfeb9&amp;_nc_ohc=DfsmuRGF3ZoAX_Ilc_F&amp;_nc_ht=scontent-frx5-1.xx&amp;oh=8c49d8290400d365cca9f226772e1076&amp;oe=5E9B2AEF\" alt=\"\"\/><\/figure>\n\n\n\n<p class=\"has-text-align-center\">Num\u00e9ro: 13<br>Ann\u00e9e de naissance: 1988<br>Arriv\u00e9e au club: 2013\/2014<br>D\u00e9buts \u00e0 l\u2019ultimate: 2013\/2014 #PureFrog<br>R\u00f4le(s) au sein du club: P\u00f4le orga, pr\u00e9sidente<br>Frogs Award(s):\u00a0 meilleur joueur (2018)<\/p>\n\n\n\n<p class=\"has-text-align-center\">Description (faite par un autre membre du club, le 12 Janvier 2020):<\/p>\n\n\n\n<p class=\"has-text-align-center\"> Bon au tour de notre pr\u00e9sidente pour cette nouvelle ann\u00e9e !Notre joyeuse old turkish nationale ! Marie Dessagne, Marie est une joueuse qui a d\u00e9but\u00e9 il y a 6 ans chez les Frogs, arrivant d&rsquo;un sport avec un peu plus de contact (rugbygirl) et a su s&rsquo;imposer rapidement dans les duels pour le disque: c&rsquo;est simple tu veux prendre un espace que Marie convoite elle te le fait savoir.<\/p>\n<\/div><\/div>\n\n\n\n<figure class=\"wp-block-image\"><img decoding=\"async\" src=\"https:\/\/static.xx.fbcdn.net\/images\/emoji.php\/v9\/t51\/1\/16\/1f603.png\" alt=\"\"\/><\/figure>\n\n\n\n<p class=\"has-text-align-center\">Et puis elle a fait sa place en \u00e9quipe 1 chez nous, faisant partie des 14 plus forts bonhommes du club, elle fait p\u00e2lir beaucoup d&rsquo;hommes sur le terrain, un grand bravo \u00e0 elle !Notre Marie a eu une ann\u00e9e un peu plus l\u00e9g\u00e8re l&rsquo;ann\u00e9e derni\u00e8re, bravo la grossesse! Du coup elle s&rsquo;est dit \u00ab\u00a0allez je me pr\u00e9sente pr\u00e9sidente\u00a0\u00bb ! La voili la voil\u00e0 promue pr\u00e9sidente; et quelle pr\u00e9sidente! Elle fait la quasi totalit\u00e9 des r\u00e9unions \u00e0 l&rsquo;asso sportive en bataillant pour nos droits ! Et apr\u00e8s plusieurs saisons \u00e0 se battre nous avons enfin r\u00e9ussi \u00e0 avoir un synth\u00e9tique de taille normale pour une s\u00e9ance enti\u00e8re !!! Bravo !!!! <\/p>\n\n\n\n<figure class=\"wp-block-image is-style-circle-mask\"><img decoding=\"async\" src=\"https:\/\/static.xx.fbcdn.net\/images\/emoji.php\/v9\/t6c\/1\/16\/1f4aa.png\" alt=\"\"\/><\/figure>\n\n\n\n<figure class=\"wp-block-image\"><img decoding=\"async\" src=\"https:\/\/static.xx.fbcdn.net\/images\/emoji.php\/v9\/t6c\/1\/16\/1f4aa.png\" alt=\"\"\/><\/figure>\n\n\n\n<figure class=\"wp-block-image\"><img decoding=\"async\" src=\"https:\/\/static.xx.fbcdn.net\/images\/emoji.php\/v9\/t6c\/1\/16\/1f4aa.png\" alt=\"\"\/><\/figure>\n\n\n\n<p class=\"has-text-align-center\">Notre Marie ne s&rsquo;arr\u00eate pas l\u00e0 !!! Elle se lance dans l&rsquo;\u00e9quipe de France Master f\u00e9minine ! Et elle ne vient pas pour passer des vacances, elle rentre avec la m\u00e9daille d&rsquo;or europ\u00e9enne! Et selon la rumeur, son maillot blanc est aussi crado que le plus crado du club ! Pr\u00e9sent\u00e9e sur les highlights EUF des championnat: elle brille encore pour ses d\u00e9fenses.<br><br>Bravo Marie pour ton parcours, toujours un plaisir de te regarder d\u00e9fendre depuis l&rsquo;autre ligne <a href=\"https:\/\/www.facebook.com\/hashtag\/joueurdattaque?__cft__[0]=AZXidXNEcPCRC1R4K7s9nwZ2fCjWid2YjvPwNPcgR0FXyCFqcTHIVk6-Zx0HbdeNXNK9QSJ9PPiqLXHP40Sjhq-j4wxbtSCdpCWl9eM2ovH16GB1JrIk1qSVbqSY2NJ1LJdOe7-SFmH3LT2KsBcWqrjPrAoVQ530Mq2V-4lDkjHmdw&amp;__tn__=*NK-R\">#joueurdattaque<\/a><br><br>Rahan <\/p>\n<\/div><\/div>\n","protected":false},"excerpt":{"rendered":"<p>Num\u00e9ro: 13Ann\u00e9e de naissance: 1988Arriv\u00e9e au club: 2013\/2014D\u00e9buts \u00e0 l\u2019ultimate: 2013\/2014 #PureFrogR\u00f4le(s) au sein du club: P\u00f4le orga, pr\u00e9sidenteFrogs Award(s):\u00a0 meilleur joueur (2018) Description (faite par un autre membre du club, le 12 Janvier 2020): Bon au tour de notre pr\u00e9sidente pour cette nouvelle ann\u00e9e !Notre joyeuse old turkish nationale ! Marie Dessagne, Marie est &hellip; <a href=\"https:\/\/frogdiscsection.fr\/index.php\/le-club\/joueurs\/marie\/\" class=\"more-link\">Continuer la lecture<span class=\"screen-reader-text\"> de &laquo;&nbsp;Marie&nbsp;&raquo;<\/span><\/a><\/p>\n","protected":false},"author":1,"featured_media":0,"parent":835,"menu_order":0,"comment_status":"closed","ping_status":"closed","template":"","meta":{"footnotes":""},"class_list":["post-1430","page","type-page","status-publish","hentry"],"_links":{"self":[{"href":"https:\/\/frogdiscsection.fr\/index.php\/wp-json\/wp\/v2\/pages\/1430","targetHints":{"allow":["GET"]}}],"collection":[{"href":"https:\/\/frogdiscsection.fr\/index.php\/wp-json\/wp\/v2\/pages"}],"about":[{"href":"https:\/\/frogdiscsection.fr\/index.php\/wp-json\/wp\/v2\/types\/page"}],"author":[{"embeddable":true,"href":"https:\/\/frogdiscsection.fr\/index.php\/wp-json\/wp\/v2\/users\/1"}],"replies":[{"embeddable":true,"href":"https:\/\/frogdiscsection.fr\/index.php\/wp-json\/wp\/v2\/comments?post=1430"}],"version-history":[{"count":5,"href":"https:\/\/frogdiscsection.fr\/index.php\/wp-json\/wp\/v2\/pages\/1430\/revisions"}],"predecessor-version":[{"id":1502,"href":"https:\/\/frogdiscsection.fr\/index.php\/wp-json\/wp\/v2\/pages\/1430\/revisions\/1502"}],"up":[{"embeddable":true,"href":"https:\/\/frogdiscsection.fr\/index.php\/wp-json\/wp\/v2\/pages\/835"}],"wp:attachment":[{"href":"https:\/\/frogdiscsection.fr\/index.php\/wp-json\/wp\/v2\/media?parent=1430"}],"curies":[{"name":"wp","href":"https:\/\/api.w.org\/{rel}","templated":true}]}}