{"id":1420,"date":"2020-03-21T22:56:02","date_gmt":"2020-03-21T21:56:02","guid":{"rendered":"http:\/\/frogdiscsection.fr\/?page_id=1420"},"modified":"2020-03-22T00:26:13","modified_gmt":"2020-03-21T23:26:13","slug":"edouard","status":"publish","type":"page","link":"https:\/\/frogdiscsection.fr\/index.php\/le-club\/joueurs\/edouard\/","title":{"rendered":"Edouard"},"content":{"rendered":"\n<figure class=\"wp-block-image size-large\"><img decoding=\"async\" src=\"https:\/\/scontent-frx5-1.xx.fbcdn.net\/v\/t1.0-9\/89553835_2603246829803641_5659296406700032000_n.jpg?_nc_cat=107&amp;_nc_sid=8bfeb9&amp;_nc_ohc=1YxHT-p08f0AX_wud6g&amp;_nc_ht=scontent-frx5-1.xx&amp;oh=6f598c7a77eceb480af429da0de76604&amp;oe=5E9B777E\" alt=\"\"\/><\/figure>\n\n\n\n<p class=\"has-text-align-center\">Num\u00e9ro: 87<br>Ann\u00e9e de naissance: 1987<br>Arriv\u00e9e au club: 2018\/2019<br>D\u00e9buts \u00e0 l&rsquo;ultimate: ?<\/p>\n\n\n\n<p class=\"has-text-align-center\">Description (faite par un autre membre du club, le 11 Mars 2020):<\/p>\n\n\n\n<div class=\"wp-block-group\"><div class=\"wp-block-group__inner-container is-layout-flow wp-block-group-is-layout-flow\">\n<p class=\"has-text-align-center\">\u00c0 moi maintenant de vous faire la pr\u00e9sentation d&rsquo;un Frog qui nous vient des froides terres du Canada et logiquement le seul joueur \u00e0 n&rsquo;\u00eatre aucunement g\u00ean\u00e9 par la neige. La seule personne \u00e0 \u00eatre l\u00e9gitime pour dire tabernacle et \u00e0 savoir ce que \u00e7a veut dire. Je parle bien s\u00fbr d&rsquo;\u00c9douard, un des handlers les plus constants du club qui brille par son sang-froid s\u00fbrement acquis pendant son s\u00e9jour en universitaire au Canada. Edouard est un joueur qui ne lance pas sur un coup de t\u00eate et qui r\u00e9fl\u00e9chit pour prendre les meilleures d\u00e9cisions. Par contre on lui attribue depuis peu le \u00ab\u00a0drop Edouard\u00a0\u00bb. Il s&rsquo;agit d&rsquo;un drop qu&rsquo;un joueur doit r\u00e9aliser en dropant sur une passe en longue, flottante, sans d\u00e9fenseur et surtout \u00e0 l&rsquo;universe d&rsquo;un match de championnat  \ud83d\ude00<br><br> Son seul d\u00e9faut :son manque d&rsquo;accent canadien typique des Qu\u00e9b\u00e9cois qui l&rsquo; aurait directement fait monter dans l&rsquo;\u00e9quipe 1 voir en s\u00e9lection \u00e9quipe France.<br><br>Hugo<\/p>\n<\/div><\/div>\n","protected":false},"excerpt":{"rendered":"<p>Num\u00e9ro: 87Ann\u00e9e de naissance: 1987Arriv\u00e9e au club: 2018\/2019D\u00e9buts \u00e0 l&rsquo;ultimate: ? Description (faite par un autre membre du club, le 11 Mars 2020): \u00c0 moi maintenant de vous faire la pr\u00e9sentation d&rsquo;un Frog qui nous vient des froides terres du Canada et logiquement le seul joueur \u00e0 n&rsquo;\u00eatre aucunement g\u00ean\u00e9 par la neige. La seule &hellip; <a href=\"https:\/\/frogdiscsection.fr\/index.php\/le-club\/joueurs\/edouard\/\" class=\"more-link\">Continuer la lecture<span class=\"screen-reader-text\"> de &laquo;&nbsp;Edouard&nbsp;&raquo;<\/span><\/a><\/p>\n","protected":false},"author":1,"featured_media":0,"parent":835,"menu_order":0,"comment_status":"closed","ping_status":"closed","template":"","meta":{"footnotes":""},"class_list":["post-1420","page","type-page","status-publish","hentry"],"_links":{"self":[{"href":"https:\/\/frogdiscsection.fr\/index.php\/wp-json\/wp\/v2\/pages\/1420","targetHints":{"allow":["GET"]}}],"collection":[{"href":"https:\/\/frogdiscsection.fr\/index.php\/wp-json\/wp\/v2\/pages"}],"about":[{"href":"https:\/\/frogdiscsection.fr\/index.php\/wp-json\/wp\/v2\/types\/page"}],"author":[{"embeddable":true,"href":"https:\/\/frogdiscsection.fr\/index.php\/wp-json\/wp\/v2\/users\/1"}],"replies":[{"embeddable":true,"href":"https:\/\/frogdiscsection.fr\/index.php\/wp-json\/wp\/v2\/comments?post=1420"}],"version-history":[{"count":1,"href":"https:\/\/frogdiscsection.fr\/index.php\/wp-json\/wp\/v2\/pages\/1420\/revisions"}],"predecessor-version":[{"id":1421,"href":"https:\/\/frogdiscsection.fr\/index.php\/wp-json\/wp\/v2\/pages\/1420\/revisions\/1421"}],"up":[{"embeddable":true,"href":"https:\/\/frogdiscsection.fr\/index.php\/wp-json\/wp\/v2\/pages\/835"}],"wp:attachment":[{"href":"https:\/\/frogdiscsection.fr\/index.php\/wp-json\/wp\/v2\/media?parent=1420"}],"curies":[{"name":"wp","href":"https:\/\/api.w.org\/{rel}","templated":true}]}}