{"id":13,"date":"2012-08-13T11:18:18","date_gmt":"2012-08-13T10:18:18","guid":{"rendered":"http:\/\/127.0.0.1\/frogs\/?page_id=13"},"modified":"2024-09-07T15:08:17","modified_gmt":"2024-09-07T13:08:17","slug":"entrainements","status":"publish","type":"page","link":"https:\/\/frogdiscsection.fr\/index.php\/entrainements\/","title":{"rendered":"Entra\u00eenements"},"content":{"rendered":"<p>Cr\u00e9neaux\u00a0: (ouverts \u00e0 TOUS les adh\u00e9rents Loisirs &amp; Comp\u00e9tition)<\/p>\n<ul>\n<li>Lundi \u00a019H30\/22H30 Complexe du Lac: entrainement adulte<\/li>\n<li>Mercredi 20H\/22H30 Gymnase Descartes: entrainement indoor adulte<\/li>\n<li>Samedi 10H30\/12H30 Stade des Loges: entrainement junior (\u00e0 confirmer)<\/li>\n<li>Dimanche 11H\/13H Gymnase Claude Bigot \u00e0 Morangis: session loisir, maintenue si effectif suffisant (championnats et tournois ayant lieu le WE)<\/li>\n<\/ul>\n<p><a href=\"https:\/\/goo.gl\/maps\/x3pGE8r5RkNcTfabA\" target=\"_blank\" rel=\"noopener noreferrer\">Complexe du Lac, avenue Pierre B\u00e9r\u00e9govoy &#8211; EVRY-COURCOURONNES<br \/>\n<\/a><br \/>\n<a href=\"http:\/\/Pl. Victor Hugo, 91000 \u00c9vry-Courcouronnes, France\" data-wplink-url-error=\"true\">Gymnase Descartes, place Victor Hugo, EVRY<\/a><\/p>\n<p><a href=\"https:\/\/www.google.com\/maps\/d\/viewer?mid=zH095cO3ZmEo.kfiOd1rP-GfE&amp;usp=sharing\" target=\"_blank\" rel=\"noopener noreferrer\">Stade Desroys Du Roure, terrain du bord de Seine, Chemin de Halage, EVRY<\/a><\/p>\n<h2>Inscription au Club<\/h2>\n<div>\n<p>Pour tout renseignement, envoyez un mail \u00e0 la bo\u00eete <a href=\"mailto:frogdiscsection@gmail.com\">frogdiscsection@gmail.com<\/a><\/p>\n<p>Vous avez d\u00e9cid\u00e9 de vous inscrire ?<\/p>\n<\/div>\n<div>\n<div>\n<p>L&rsquo;adh\u00e9sion se fera d\u00e9sormais en ligne:<br \/>\n&#8211; d&rsquo;une part l&rsquo;inscription au <a href=\"https:\/\/sca2000evry.monclub.app\/subscription\/628f2e8493f49b00281c8e99\" target=\"_blank\" rel=\"noopener\">SCA2000<\/a><br \/>\n&#8211; d&rsquo;autre part l&rsquo;inscription \u00e0 la <a href=\"https:\/\/monespace.ff-flyingdisc.fr\/auth\/login\" target=\"_blank\" rel=\"noopener\">FFFD<\/a><\/p>\n<p>Voil\u00e0 les 2 tutos pour vous aider dans ces d\u00e9marches !<br \/>\n<a href=\"https:\/\/frogdiscsection.fr\/wp-content\/uploads\/2022\/08\/TUTO-INSCRIPTION-SCA2000-ULTIMATE.pdf\" target=\"_blank\" rel=\"noopener\">TUTO INSCRIPTION SCA2000-ULTIMATE<\/a><br \/>\n<a href=\"https:\/\/frogdiscsection.fr\/wp-content\/uploads\/2022\/08\/Tuto_e-licence_Ultimate.pdf\" target=\"_blank\" rel=\"noopener\">Tuto_e-licence_Ultimate<\/a><\/p>\n<div>\ud83d\udcbbIl faudra fournir les m\u00eames documents &amp; certificats que les saisons pr\u00e9c\u00e9dentes:<\/div>\n<div>\ud83d\udc89\u00a0 \u2022 \u00a0<b>Attestation<\/b>\u00a0questionnaire sant\u00e9 <a href=\"https:\/\/www.ffdf.fr\/wp-content\/uploads\/2019\/07\/cerfa_15699-01.pdf\">QS-SPORT<\/a> pour les adultes,<\/div>\n<div>\ud83d\udc89\u00a0 \u2022 Attestation et <a href=\"https:\/\/www.ffdf.fr\/wp-content\/uploads\/2021\/06\/Questionnaire_Sante_Mineur.pdf\">questionnaire d\u00e9di\u00e9<\/a> pour les mineurs<\/div>\n<div>(en ligne, \u00e7a fait juste des cases \u00e0 cocher )<br \/>\nSauf pour :<\/div>\n<div>&#8211; ceux non licenci\u00e9s la saison pr\u00e9c\u00e9dente (\ud83e\udd15\u00a0\ud83d\udc76\u00a0\ud83d\udc7d\u00a0)<br \/>\n&#8211; ceux dont le certificat m\u00e9dical date de + de 3 ans \u00e0 la date d\u2019inscription (\ud83d\udc74\ud83d\udc75 )<br \/>\n&#8211; ceux qui ont un surclassement ou qui sont en s\u00e9lection Equipe de France et dont le certificat m\u00e9dical date de + de 1 an \u00e0 la date d\u2019inscription<br \/>\nPour qui il faut un\u00a0<b>nouveau <a href=\"https:\/\/www.ff-flyingdisc.fr\/wp-content\/uploads\/2023\/07\/modele-certificat-medical-2023-24.pdf\">certificat m\u00e9dical<\/a><\/b> qui doit mentionner la \u00ab\u00a0pratique de l&rsquo;ultimate en comp\u00e9tition\u00a0\u00bb<br \/>\n\ud83d\udcf8\u2022 \u00a0<b>1 photo d&rsquo;identit\u00e9<\/b>\u00a0(au format num\u00e9rique, pour 1\u00e8re inscription)<br \/>\n\ud83d\udcb0\u2022 \u00a0<i>R\u00e8glement de la cotisation en ligne par pr\u00e9l\u00e8vement, ch\u00e8que \u00e0 l&rsquo;ordre de SCA2000, ch\u00e8ques vacances<\/i><\/div>\n<table style=\"height: 235px;\" width=\"754\">\n<tbody>\n<tr>\n<td width=\"149\"><strong>Tarifs cotisations\u00a0:<\/strong><\/td>\n<td style=\"text-align: right;\" width=\"67\"><strong>Loisirs<\/strong><\/td>\n<td width=\"72\"><\/td>\n<td width=\"67\">(licence)<\/td>\n<td style=\"text-align: right;\" width=\"95\"><strong>Comp\u00e9tition<\/strong><\/td>\n<td width=\"72\"><\/td>\n<td width=\"66\">(licence)<\/td>\n<\/tr>\n<tr>\n<td width=\"149\"><strong>Adulte<\/strong><\/td>\n<td style=\"text-align: right;\" width=\"67\"><strong>75\u20ac<\/strong><\/td>\n<td width=\"72\"><strong>= 32.5\u20ac +<\/strong><\/td>\n<td width=\"67\">\u00a042.5\u20ac<\/td>\n<td style=\"text-align: right;\" width=\"95\"><strong>95\u20ac<\/strong><\/td>\n<td width=\"72\"><strong>= 32.5\u20ac +<\/strong><\/td>\n<td style=\"text-align: left;\" width=\"66\">62.5\u20ac<\/td>\n<\/tr>\n<tr>\n<td width=\"149\"><strong>Junior U17 \/ U20 (2005\/2009)<\/strong><\/td>\n<td style=\"text-align: right;\" width=\"67\"><strong>45\u20ac<\/strong><\/td>\n<td width=\"72\"><strong>= 2.5\u20ac +<\/strong><\/td>\n<td width=\"67\">\u00a042.5\u20ac<\/td>\n<td style=\"text-align: right;\" width=\"95\"><strong>55\u20ac<\/strong><\/td>\n<td width=\"72\"><strong>= 2.5\u20ac +<\/strong><\/td>\n<td style=\"text-align: left;\" width=\"66\">52.5\u20ac<\/td>\n<\/tr>\n<tr>\n<td width=\"149\"><strong>Junior U13 \/ U15 (2010\/2013)<\/strong><\/td>\n<td style=\"text-align: right;\" width=\"67\"><strong>45\u20ac<\/strong><\/td>\n<td width=\"72\"><strong>= 2.5\u20ac +<\/strong><\/td>\n<td style=\"text-align: left;\" width=\"67\">\u00a042.5\u20ac<\/td>\n<td style=\"text-align: right;\" width=\"95\"><strong>55\u20ac<\/strong><\/td>\n<td width=\"72\"><strong>= 17.5\u20ac +<\/strong><\/td>\n<td style=\"text-align: left;\" width=\"66\">37.5\u20ac<\/td>\n<\/tr>\n<tr>\n<td width=\"149\"><strong>\u00c9tudiant<\/strong><\/td>\n<td style=\"text-align: right;\" width=\"67\"><strong>45\u20ac<\/strong><\/td>\n<td width=\"72\"><strong>= 2.5\u20ac +<\/strong><\/td>\n<td style=\"text-align: left;\" width=\"67\">\u00a042.5\u20ac<\/td>\n<td style=\"text-align: right;\" width=\"95\"><strong>65\u20ac<\/strong><\/td>\n<td width=\"72\"><strong>= 2.5\u20ac +<\/strong><\/td>\n<td style=\"text-align: left;\" width=\"66\">62.5\u20ac<\/td>\n<\/tr>\n<\/tbody>\n<\/table>\n<div><\/div>\n<div><\/div>\n<\/div>\n<\/div>\n","protected":false},"excerpt":{"rendered":"<p>Cr\u00e9neaux\u00a0: (ouverts \u00e0 TOUS les adh\u00e9rents Loisirs &amp; Comp\u00e9tition) Lundi \u00a019H30\/22H30 Complexe du Lac: entrainement adulte Mercredi 20H\/22H30 Gymnase Descartes: entrainement indoor adulte Samedi 10H30\/12H30 Stade des Loges: entrainement junior (\u00e0 confirmer) Dimanche 11H\/13H Gymnase Claude Bigot \u00e0 Morangis: session loisir, maintenue si effectif suffisant (championnats et tournois ayant lieu le WE) Complexe du Lac, &hellip; <a href=\"https:\/\/frogdiscsection.fr\/index.php\/entrainements\/\" class=\"more-link\">Continuer la lecture<span class=\"screen-reader-text\"> de &laquo;&nbsp;Entra\u00eenements&nbsp;&raquo;<\/span><\/a><\/p>\n","protected":false},"author":1,"featured_media":0,"parent":0,"menu_order":3,"comment_status":"closed","ping_status":"closed","template":"","meta":{"footnotes":""},"class_list":["post-13","page","type-page","status-publish","hentry"],"_links":{"self":[{"href":"https:\/\/frogdiscsection.fr\/index.php\/wp-json\/wp\/v2\/pages\/13","targetHints":{"allow":["GET"]}}],"collection":[{"href":"https:\/\/frogdiscsection.fr\/index.php\/wp-json\/wp\/v2\/pages"}],"about":[{"href":"https:\/\/frogdiscsection.fr\/index.php\/wp-json\/wp\/v2\/types\/page"}],"author":[{"embeddable":true,"href":"https:\/\/frogdiscsection.fr\/index.php\/wp-json\/wp\/v2\/users\/1"}],"replies":[{"embeddable":true,"href":"https:\/\/frogdiscsection.fr\/index.php\/wp-json\/wp\/v2\/comments?post=13"}],"version-history":[{"count":17,"href":"https:\/\/frogdiscsection.fr\/index.php\/wp-json\/wp\/v2\/pages\/13\/revisions"}],"predecessor-version":[{"id":1813,"href":"https:\/\/frogdiscsection.fr\/index.php\/wp-json\/wp\/v2\/pages\/13\/revisions\/1813"}],"wp:attachment":[{"href":"https:\/\/frogdiscsection.fr\/index.php\/wp-json\/wp\/v2\/media?parent=13"}],"curies":[{"name":"wp","href":"https:\/\/api.w.org\/{rel}","templated":true}]}}