{"id":11,"date":"2012-08-13T11:15:41","date_gmt":"2012-08-13T10:15:41","guid":{"rendered":"http:\/\/127.0.0.1\/frogs\/?page_id=11"},"modified":"2019-08-09T10:11:21","modified_gmt":"2019-08-09T08:11:21","slug":"lultimate","status":"publish","type":"page","link":"https:\/\/frogdiscsection.fr\/index.php\/accueil\/lultimate\/","title":{"rendered":"L&rsquo;ultimate"},"content":{"rendered":"<div>\n<h1>L&rsquo;ultimate en 10 points<\/h1>\n<h2>Le But du Jeu<\/h2>\n<p>L\u2019ultimate se joue avec deux \u00e9quipes de sept joueurs chacune et un disque (frisbee).<\/p>\n<p>Le terrain a une surface de 100 m par 37 m.<br \/>\nEn salle, il se joue sur un terrain de handball avec cinq joueurs par \u00e9quipe.<\/p>\n<p>A chaque extr\u00e9mit\u00e9 du terrain il y a une zone d\u2019en-but de 18 m (ext\u00e9rieur) ou 6 m (en salle).<\/p>\n<figure id=\"attachment_135\" aria-describedby=\"caption-attachment-135\" style=\"width: 331px\" class=\"wp-caption aligncenter\"><a href=\"http:\/\/www.frogdiscsection.fr\/wp-content\/uploads\/2012\/08\/terrain.jpg\"><img loading=\"lazy\" decoding=\"async\" class=\"size-full wp-image-135  \" title=\"terrain\" src=\"http:\/\/www.frogdiscsection.fr\/wp-content\/uploads\/2012\/08\/terrain.jpg\" alt=\"\" width=\"331\" height=\"171\" \/><\/a><figcaption id=\"caption-attachment-135\" class=\"wp-caption-text\">Terrain d&rsquo;ultimate<\/figcaption><\/figure>\n<h2>L&rsquo;engagement<\/h2>\n<p>Au d\u00e9but du jeu et apr\u00e8s chaque point marqu\u00e9 les \u00e9quipes se tiennent sur leur ligne de but.<br \/>\nL\u2019\u00e9quipe qui a marqu\u00e9 le dernier point lance le disque.<br \/>\nL\u2019autre \u00e9quipe prend possession du disque l\u00e0 o\u00f9 il atterrit et devient alors l\u2019\u00e9quipe attaquante. <a id=\"eztoc7020_0_0_1\" name=\"eztoc7020_0_0_1\"><\/a><\/p>\n<h2>\u00a0Score<\/h2>\n<p>Un point est marqu\u00e9 quand l\u2019\u00e9quipe offensive attrape le disque dans la zone d\u2019en-but de l\u2019\u00e9quipe adverse.<\/p>\n<h2>En jeu et hors limites<\/h2>\n<p>Un disque est en jeu quand il est attrap\u00e9 dans le terrain.<br \/>\nLes lignes de touche et de fond sont hors limites.<br \/>\nPour marquer un point, un joueur attaquant doit donc attraper le disque dans la zone d&rsquo;en-but, sans toucher une des lignes. <a id=\"eztoc7020_0_0_1\" name=\"eztoc7020_0_0_1\"><\/a><\/p>\n<h2>Jouer le disque<\/h2>\n<p>Un joueur en possession du disque peut le jouer dans n\u2019importe quelle direction.<br \/>\nIl doit le faire dans les dix secondes; un d\u00e9fenseur se tient devant lui et compte jusqu&rsquo;\u00e0 dix.<br \/>\nLe joueur en possession du disque ne doit pas marcher, mais peut \u00e9tablir un pied pivot.<\/p>\n<h2>Changement de possession du disque<\/h2>\n<p>L&rsquo;\u00e9quipe qui d\u00e9fend prend possession du disque quand le lancer d&rsquo;un joueur de l&rsquo;attaque est intercept\u00e9.<br \/>\nPar exemple le disque a touch\u00e9 le sol, est intercept\u00e9 ou attrap\u00e9 en dehors du terrain.<br \/>\nL&rsquo;\u00e9quipe qui d\u00e9fendait devient maintenant l&rsquo;\u00e9quipe attaquante. <a id=\"eztoc7020_0_0_1\" name=\"eztoc7020_0_0_1\"><\/a><\/p>\n<h2>\u00a0Remplacement des joueurs<\/h2>\n<p>Apr\u00e8s chaque point les \u00e9quipes peuvent remplacer autant de joueurs qu&rsquo;elles le souhaitent.<\/p>\n<h2>Sport sans contact<\/h2>\n<p>L&rsquo;ultimate est un sport sans contact.<br \/>\nLes contacts physiques ne sont pas autoris\u00e9s.<\/p>\n<h2>Fautes<\/h2>\n<p>Quand une faute est constat\u00e9e un des joueurs appelle \u00ab\u00a0FAUTE\u00a0\u00bb.<br \/>\nTous les joueurs s&rsquo;arr\u00eatent imm\u00e9diatement et le jeu est stopp\u00e9.<br \/>\nLe but est de reprendre le jeu comme si la faute n&rsquo;avait pas eu lieu.<br \/>\nQuand les joueurs ne peuvent se mettre d&rsquo;accord le disque retourne au dernier lanceur et le jeu reprend de l\u00e0. <a id=\"eztoc7020_0_0_1\" name=\"eztoc7020_0_0_1\"><\/a><\/p>\n<h2>\u00a0Pas d&rsquo;arbitre<\/h2>\n<p>Le fair play est un aspect important de tous les sports de disque.<br \/>\nComme les autres sports, l\u2019ultimate se joue sans arbitre.<br \/>\nLes joueurs sont eux-m\u00eames responsables du bon d\u00e9roulement du jeu.<\/p>\n<p><em>Texte : Peter Cornelissen, Mike Ocon.<\/em><br \/>\n<em>Traduction : Jos\u00e9 Pires, Christophe Brolles.<\/em><\/p>\n<\/div>\n","protected":false},"excerpt":{"rendered":"<p>L&rsquo;ultimate en 10 points Le But du Jeu L\u2019ultimate se joue avec deux \u00e9quipes de sept joueurs chacune et un disque (frisbee). Le terrain a une surface de 100 m par 37 m. En salle, il se joue sur un terrain de handball avec cinq joueurs par \u00e9quipe. A chaque extr\u00e9mit\u00e9 du terrain il y &hellip; <a href=\"https:\/\/frogdiscsection.fr\/index.php\/accueil\/lultimate\/\" class=\"more-link\">Continuer la lecture<span class=\"screen-reader-text\"> de &laquo;&nbsp;L&rsquo;ultimate&nbsp;&raquo;<\/span><\/a><\/p>\n","protected":false},"author":1,"featured_media":0,"parent":209,"menu_order":1,"comment_status":"closed","ping_status":"open","template":"","meta":{"footnotes":""},"class_list":["post-11","page","type-page","status-publish","hentry"],"_links":{"self":[{"href":"https:\/\/frogdiscsection.fr\/index.php\/wp-json\/wp\/v2\/pages\/11","targetHints":{"allow":["GET"]}}],"collection":[{"href":"https:\/\/frogdiscsection.fr\/index.php\/wp-json\/wp\/v2\/pages"}],"about":[{"href":"https:\/\/frogdiscsection.fr\/index.php\/wp-json\/wp\/v2\/types\/page"}],"author":[{"embeddable":true,"href":"https:\/\/frogdiscsection.fr\/index.php\/wp-json\/wp\/v2\/users\/1"}],"replies":[{"embeddable":true,"href":"https:\/\/frogdiscsection.fr\/index.php\/wp-json\/wp\/v2\/comments?post=11"}],"version-history":[{"count":1,"href":"https:\/\/frogdiscsection.fr\/index.php\/wp-json\/wp\/v2\/pages\/11\/revisions"}],"predecessor-version":[{"id":1070,"href":"https:\/\/frogdiscsection.fr\/index.php\/wp-json\/wp\/v2\/pages\/11\/revisions\/1070"}],"up":[{"embeddable":true,"href":"https:\/\/frogdiscsection.fr\/index.php\/wp-json\/wp\/v2\/pages\/209"}],"wp:attachment":[{"href":"https:\/\/frogdiscsection.fr\/index.php\/wp-json\/wp\/v2\/media?parent=11"}],"curies":[{"name":"wp","href":"https:\/\/api.w.org\/{rel}","templated":true}]}}